{"id":9091,"date":"2025-06-28T14:28:02","date_gmt":"2025-06-28T12:28:02","guid":{"rendered":"https:\/\/p5he8rwyn6.onrocket.site\/?page_id=9091"},"modified":"2026-01-19T22:13:13","modified_gmt":"2026-01-19T21:13:13","slug":"about-us","status":"publish","type":"page","link":"https:\/\/skiptheline.tickets\/fr\/about-us\/","title":{"rendered":"\u00c0 propos de nous"},"content":{"rendered":"<p><span data-mce-type=\"bookmark\" style=\"display: inline-block; width: 0px; overflow: hidden; line-height: 0;\" class=\"mce_SELRES_start\"><\/span><\/p>","protected":false},"excerpt":{"rendered":"<p><\/p>","protected":false},"author":3,"featured_media":0,"parent":0,"menu_order":0,"comment_status":"closed","ping_status":"closed","template":"","meta":{"_acf_changed":false,"footnotes":""},"class_list":["post-9091","page","type-page","status-publish","hentry"],"acf":[],"yoast_head":"<!-- This site is optimized with the Yoast SEO Premium plugin v27.4 (Yoast SEO v27.4) - https:\/\/yoast.com\/product\/yoast-seo-premium-wordpress\/ -->\n<title>SkipTheLine.Tickets - Our Story<\/title>\n<meta name=\"description\" content=\"With 25+ years of experience, we help travelers skip queues and book top attractions Worldwide, hassle-free.\" \/>\n<meta name=\"robots\" content=\"index, follow, max-snippet:-1, max-image-preview:large, max-video-preview:-1\" \/>\n<link rel=\"canonical\" href=\"https:\/\/skiptheline.tickets\/fr\/about-us\/\" \/>\n<meta property=\"og:locale\" content=\"fr_FR\" \/>\n<meta property=\"og:type\" content=\"article\" \/>\n<meta property=\"og:title\" content=\"About Us\" \/>\n<meta property=\"og:description\" content=\"With 25+ years of experience, we help travelers skip queues and book top attractions Worldwide, hassle-free.\" \/>\n<meta property=\"og:url\" content=\"https:\/\/skiptheline.tickets\/fr\/about-us\/\" \/>\n<meta property=\"og:site_name\" content=\"Skip The Line Tickets\" \/>\n<meta property=\"article:modified_time\" content=\"2026-01-19T21:13:13+00:00\" \/>\n<meta property=\"og:image\" content=\"https:\/\/skiptheline.tickets\/wp-content\/uploads\/Louvre_Skipthelinetickets-2.webp\" \/>\n\t<meta property=\"og:image:width\" content=\"1000\" \/>\n\t<meta property=\"og:image:height\" content=\"545\" \/>\n\t<meta property=\"og:image:type\" content=\"image\/webp\" \/>\n<meta name=\"twitter:card\" content=\"summary_large_image\" \/>\n<meta name=\"twitter:site\" content=\"@SkipTheLinesNow\" \/>\n<meta name=\"twitter:label1\" content=\"Dur\u00e9e de lecture estim\u00e9e\" \/>\n\t<meta name=\"twitter:data1\" content=\"3 minutes\" \/>\n<script type=\"application\/ld+json\" class=\"yoast-schema-graph\">{\"@context\":\"https:\\\/\\\/schema.org\",\"@graph\":[{\"@type\":\"WebPage\",\"@id\":\"https:\\\/\\\/skiptheline.tickets\\\/fr\\\/about-us\\\/\",\"url\":\"https:\\\/\\\/skiptheline.tickets\\\/fr\\\/about-us\\\/\",\"name\":\"SkipTheLine.Tickets - Our Story\",\"isPartOf\":{\"@id\":\"https:\\\/\\\/skiptheline.tickets\\\/fr\\\/#website\"},\"datePublished\":\"2025-06-28T12:28:02+00:00\",\"dateModified\":\"2026-01-19T21:13:13+00:00\",\"description\":\"With 25+ years of experience, we help travelers skip queues and book top attractions Worldwide, hassle-free.\",\"breadcrumb\":{\"@id\":\"https:\\\/\\\/skiptheline.tickets\\\/fr\\\/about-us\\\/#breadcrumb\"},\"inLanguage\":\"fr-FR\",\"potentialAction\":[{\"@type\":\"ReadAction\",\"target\":[\"https:\\\/\\\/skiptheline.tickets\\\/fr\\\/about-us\\\/\"]}]},{\"@type\":\"BreadcrumbList\",\"@id\":\"https:\\\/\\\/skiptheline.tickets\\\/fr\\\/about-us\\\/#breadcrumb\",\"itemListElement\":[{\"@type\":\"ListItem\",\"position\":1,\"name\":\"Home\",\"item\":\"https:\\\/\\\/skiptheline.tickets\\\/\"},{\"@type\":\"ListItem\",\"position\":2,\"name\":\"About Us\"}]},{\"@type\":\"WebSite\",\"@id\":\"https:\\\/\\\/skiptheline.tickets\\\/fr\\\/#website\",\"url\":\"https:\\\/\\\/skiptheline.tickets\\\/fr\\\/\",\"name\":\"Skip The Line Tickets\",\"description\":\"Skip The Lines. Enter Smarter.\",\"publisher\":{\"@id\":\"https:\\\/\\\/skiptheline.tickets\\\/fr\\\/#organization\"},\"potentialAction\":[{\"@type\":\"SearchAction\",\"target\":{\"@type\":\"EntryPoint\",\"urlTemplate\":\"https:\\\/\\\/skiptheline.tickets\\\/fr\\\/?s={search_term_string}\"},\"query-input\":{\"@type\":\"PropertyValueSpecification\",\"valueRequired\":true,\"valueName\":\"search_term_string\"}}],\"inLanguage\":\"fr-FR\"},{\"@type\":\"Organization\",\"@id\":\"https:\\\/\\\/skiptheline.tickets\\\/fr\\\/#organization\",\"name\":\"Skip The Line Tickets\",\"alternateName\":\"Skiptheline.tickets\",\"url\":\"https:\\\/\\\/skiptheline.tickets\\\/fr\\\/\",\"logo\":{\"@type\":\"ImageObject\",\"inLanguage\":\"fr-FR\",\"@id\":\"https:\\\/\\\/skiptheline.tickets\\\/fr\\\/#\\\/schema\\\/logo\\\/image\\\/\",\"url\":\"https:\\\/\\\/skiptheline.tickets\\\/wp-content\\\/uploads\\\/skiptheline-tickets.png\",\"contentUrl\":\"https:\\\/\\\/skiptheline.tickets\\\/wp-content\\\/uploads\\\/skiptheline-tickets.png\",\"width\":2119,\"height\":739,\"caption\":\"Skip The Line Tickets\"},\"image\":{\"@id\":\"https:\\\/\\\/skiptheline.tickets\\\/fr\\\/#\\\/schema\\\/logo\\\/image\\\/\"},\"sameAs\":[\"https:\\\/\\\/x.com\\\/SkipTheLinesNow\",\"https:\\\/\\\/www.instagram.com\\\/skipthelinetickets\\\/\"],\"description\":\"Tired of long lines eating away your precious vacation time? At SkipTheLine.Tickets, we make it easy for you to bypass the queues and dive straight into the experiences you came for. From iconic landmarks to must-see attractions, our platform connects you with priority access tickets that save you time and hassle.\",\"email\":\"info@skiptheline.tickets\",\"foundingDate\":\"2016-02-19\",\"numberOfEmployees\":{\"@type\":\"QuantitativeValue\",\"minValue\":\"1\",\"maxValue\":\"10\"}}]}<\/script>\n<!-- \/ Yoast SEO Premium plugin. -->","yoast_head_json":{"title":"SkipTheLine.Tickets - Notre histoire","description":"Forts de plus de 25 ans d'exp\u00e9rience, nous aidons les voyageurs \u00e0 \u00e9viter les files d'attente et \u00e0 r\u00e9server les meilleures attractions dans le monde entier, sans souci.","robots":{"index":"index","follow":"follow","max-snippet":"max-snippet:-1","max-image-preview":"max-image-preview:large","max-video-preview":"max-video-preview:-1"},"canonical":"https:\/\/skiptheline.tickets\/fr\/about-us\/","og_locale":"fr_FR","og_type":"article","og_title":"About Us","og_description":"With 25+ years of experience, we help travelers skip queues and book top attractions Worldwide, hassle-free.","og_url":"https:\/\/skiptheline.tickets\/fr\/about-us\/","og_site_name":"Skip The Line Tickets","article_modified_time":"2026-01-19T21:13:13+00:00","og_image":[{"width":1000,"height":545,"url":"https:\/\/skiptheline.tickets\/wp-content\/uploads\/Louvre_Skipthelinetickets-2.webp","type":"image\/webp"}],"twitter_card":"summary_large_image","twitter_site":"@SkipTheLinesNow","twitter_misc":{"Dur\u00e9e de lecture estim\u00e9e":"3 minutes"},"schema":{"@context":"https:\/\/schema.org","@graph":[{"@type":"WebPage","@id":"https:\/\/skiptheline.tickets\/fr\/about-us\/","url":"https:\/\/skiptheline.tickets\/fr\/about-us\/","name":"SkipTheLine.Tickets - Notre histoire","isPartOf":{"@id":"https:\/\/skiptheline.tickets\/fr\/#website"},"datePublished":"2025-06-28T12:28:02+00:00","dateModified":"2026-01-19T21:13:13+00:00","description":"Forts de plus de 25 ans d'exp\u00e9rience, nous aidons les voyageurs \u00e0 \u00e9viter les files d'attente et \u00e0 r\u00e9server les meilleures attractions dans le monde entier, sans souci.","breadcrumb":{"@id":"https:\/\/skiptheline.tickets\/fr\/about-us\/#breadcrumb"},"inLanguage":"fr-FR","potentialAction":[{"@type":"ReadAction","target":["https:\/\/skiptheline.tickets\/fr\/about-us\/"]}]},{"@type":"BreadcrumbList","@id":"https:\/\/skiptheline.tickets\/fr\/about-us\/#breadcrumb","itemListElement":[{"@type":"ListItem","position":1,"name":"Home","item":"https:\/\/skiptheline.tickets\/"},{"@type":"ListItem","position":2,"name":"About Us"}]},{"@type":"WebSite","@id":"https:\/\/skiptheline.tickets\/fr\/#website","url":"https:\/\/skiptheline.tickets\/fr\/","name":"Sauter la file d'attente","description":"Sauter les files d'attente. Entrez plus intelligemment.","publisher":{"@id":"https:\/\/skiptheline.tickets\/fr\/#organization"},"potentialAction":[{"@type":"SearchAction","target":{"@type":"EntryPoint","urlTemplate":"https:\/\/skiptheline.tickets\/fr\/?s={search_term_string}"},"query-input":{"@type":"PropertyValueSpecification","valueRequired":true,"valueName":"search_term_string"}}],"inLanguage":"fr-FR"},{"@type":"Organization","@id":"https:\/\/skiptheline.tickets\/fr\/#organization","name":"Sauter la file d'attente","alternateName":"Skiptheline.tickets","url":"https:\/\/skiptheline.tickets\/fr\/","logo":{"@type":"ImageObject","inLanguage":"fr-FR","@id":"https:\/\/skiptheline.tickets\/fr\/#\/schema\/logo\/image\/","url":"https:\/\/skiptheline.tickets\/wp-content\/uploads\/skiptheline-tickets.png","contentUrl":"https:\/\/skiptheline.tickets\/wp-content\/uploads\/skiptheline-tickets.png","width":2119,"height":739,"caption":"Skip The Line Tickets"},"image":{"@id":"https:\/\/skiptheline.tickets\/fr\/#\/schema\/logo\/image\/"},"sameAs":["https:\/\/x.com\/SkipTheLinesNow","https:\/\/www.instagram.com\/skipthelinetickets\/"],"description":"Vous en avez assez des longues files d'attente qui grignotent votre pr\u00e9cieux temps de vacances ? Sur SkipTheLine.Tickets, nous vous permettons d'\u00e9viter les files d'attente et de vivre directement les exp\u00e9riences pour lesquelles vous \u00eates venus. Qu'il s'agisse de lieux embl\u00e9matiques ou d'attractions incontournables, notre plateforme vous met en relation avec des billets d'acc\u00e8s prioritaire qui vous font gagner du temps et vous \u00e9pargnent des tracas.","email":"info@skiptheline.tickets","foundingDate":"2016-02-19","numberOfEmployees":{"@type":"QuantitativeValue","minValue":"1","maxValue":"10"}}]}},"_links":{"self":[{"href":"https:\/\/skiptheline.tickets\/fr\/wp-json\/wp\/v2\/pages\/9091","targetHints":{"allow":["GET"]}}],"collection":[{"href":"https:\/\/skiptheline.tickets\/fr\/wp-json\/wp\/v2\/pages"}],"about":[{"href":"https:\/\/skiptheline.tickets\/fr\/wp-json\/wp\/v2\/types\/page"}],"author":[{"embeddable":true,"href":"https:\/\/skiptheline.tickets\/fr\/wp-json\/wp\/v2\/users\/3"}],"replies":[{"embeddable":true,"href":"https:\/\/skiptheline.tickets\/fr\/wp-json\/wp\/v2\/comments?post=9091"}],"version-history":[{"count":1,"href":"https:\/\/skiptheline.tickets\/fr\/wp-json\/wp\/v2\/pages\/9091\/revisions"}],"predecessor-version":[{"id":10790,"href":"https:\/\/skiptheline.tickets\/fr\/wp-json\/wp\/v2\/pages\/9091\/revisions\/10790"}],"wp:attachment":[{"href":"https:\/\/skiptheline.tickets\/fr\/wp-json\/wp\/v2\/media?parent=9091"}],"curies":[{"name":"wp","href":"https:\/\/api.w.org\/{rel}","templated":true}]}}