{"id":327,"date":"2025-09-29T06:44:23","date_gmt":"2025-09-29T04:44:23","guid":{"rendered":"https:\/\/staging.skiptheline.tickets\/?page_id=327"},"modified":"2025-12-27T10:48:05","modified_gmt":"2025-12-27T09:48:05","slug":"citycards","status":"publish","type":"page","link":"https:\/\/skiptheline.tickets\/fr\/citycards\/","title":{"rendered":"citycards"},"content":{"rendered":"","protected":false},"excerpt":{"rendered":"","protected":false},"author":3,"featured_media":4891,"parent":0,"menu_order":0,"comment_status":"closed","ping_status":"closed","template":"","meta":{"_acf_changed":false,"footnotes":""},"class_list":["post-327","page","type-page","status-publish","has-post-thumbnail","hentry"],"acf":[],"yoast_head":"<!-- This site is optimized with the Yoast SEO Premium plugin v27.4 (Yoast SEO v27.4) - https:\/\/yoast.com\/product\/yoast-seo-premium-wordpress\/ -->\n<title>Best City &amp; Museum Passes | Compare Prices &amp; Skip-the-Line<\/title>\n<meta name=\"description\" content=\"Compare city and museum passes for top cities. See inclusions, skip-the-line\/fast track, reservation rules, validity and from prices.\" \/>\n<meta name=\"robots\" content=\"index, follow, max-snippet:-1, max-image-preview:large, max-video-preview:-1\" \/>\n<link rel=\"canonical\" href=\"https:\/\/skiptheline.tickets\/fr\/citycards\/\" \/>\n<meta property=\"og:locale\" content=\"fr_FR\" \/>\n<meta property=\"og:type\" content=\"article\" \/>\n<meta property=\"og:title\" content=\"City Cards\" \/>\n<meta property=\"og:description\" content=\"Compare city and museum passes for top cities. See inclusions, skip-the-line\/fast track, reservation rules, validity and from prices.\" \/>\n<meta property=\"og:url\" content=\"https:\/\/skiptheline.tickets\/fr\/citycards\/\" \/>\n<meta property=\"og:site_name\" content=\"Skip The Line Tickets\" \/>\n<meta property=\"article:modified_time\" content=\"2025-12-27T09:48:05+00:00\" \/>\n<meta property=\"og:image\" content=\"https:\/\/skiptheline.tickets\/wp-content\/uploads\/citycards.jpeg\" \/>\n\t<meta property=\"og:image:width\" content=\"1000\" \/>\n\t<meta property=\"og:image:height\" content=\"610\" \/>\n\t<meta property=\"og:image:type\" content=\"image\/jpeg\" \/>\n<meta name=\"twitter:card\" content=\"summary_large_image\" \/>\n<meta name=\"twitter:site\" content=\"@SkipTheLinesNow\" \/>\n<meta name=\"twitter:label1\" content=\"Dur\u00e9e de lecture estim\u00e9e\" \/>\n\t<meta name=\"twitter:data1\" content=\"7 minutes\" \/>\n<script type=\"application\/ld+json\" class=\"yoast-schema-graph\">{\"@context\":\"https:\\\/\\\/schema.org\",\"@graph\":[{\"@type\":\"WebPage\",\"@id\":\"https:\\\/\\\/skiptheline.tickets\\\/fr\\\/citycards\\\/\",\"url\":\"https:\\\/\\\/skiptheline.tickets\\\/fr\\\/citycards\\\/\",\"name\":\"Best City & Museum Passes | Compare Prices & Skip-the-Line\",\"isPartOf\":{\"@id\":\"https:\\\/\\\/skiptheline.tickets\\\/fr\\\/#website\"},\"primaryImageOfPage\":{\"@id\":\"https:\\\/\\\/skiptheline.tickets\\\/fr\\\/citycards\\\/#primaryimage\"},\"image\":{\"@id\":\"https:\\\/\\\/skiptheline.tickets\\\/fr\\\/citycards\\\/#primaryimage\"},\"thumbnailUrl\":\"https:\\\/\\\/skiptheline.tickets\\\/wp-content\\\/uploads\\\/citycards.jpeg\",\"datePublished\":\"2025-09-29T04:44:23+00:00\",\"dateModified\":\"2025-12-27T09:48:05+00:00\",\"description\":\"Compare city and museum passes for top cities. See inclusions, skip-the-line\\\/fast track, reservation rules, validity and from prices.\",\"breadcrumb\":{\"@id\":\"https:\\\/\\\/skiptheline.tickets\\\/fr\\\/citycards\\\/#breadcrumb\"},\"inLanguage\":\"fr-FR\",\"potentialAction\":[{\"@type\":\"ReadAction\",\"target\":[\"https:\\\/\\\/skiptheline.tickets\\\/fr\\\/citycards\\\/\"]}]},{\"@type\":\"ImageObject\",\"inLanguage\":\"fr-FR\",\"@id\":\"https:\\\/\\\/skiptheline.tickets\\\/fr\\\/citycards\\\/#primaryimage\",\"url\":\"https:\\\/\\\/skiptheline.tickets\\\/wp-content\\\/uploads\\\/citycards.jpeg\",\"contentUrl\":\"https:\\\/\\\/skiptheline.tickets\\\/wp-content\\\/uploads\\\/citycards.jpeg\",\"width\":1000,\"height\":610,\"caption\":\"citycards\"},{\"@type\":\"BreadcrumbList\",\"@id\":\"https:\\\/\\\/skiptheline.tickets\\\/fr\\\/citycards\\\/#breadcrumb\",\"itemListElement\":[{\"@type\":\"ListItem\",\"position\":1,\"name\":\"Home\",\"item\":\"https:\\\/\\\/skiptheline.tickets\\\/\"},{\"@type\":\"ListItem\",\"position\":2,\"name\":\"City Cards\"}]},{\"@type\":\"WebSite\",\"@id\":\"https:\\\/\\\/skiptheline.tickets\\\/fr\\\/#website\",\"url\":\"https:\\\/\\\/skiptheline.tickets\\\/fr\\\/\",\"name\":\"Skip The Line Tickets\",\"description\":\"Skip The Lines. Enter Smarter.\",\"publisher\":{\"@id\":\"https:\\\/\\\/skiptheline.tickets\\\/fr\\\/#organization\"},\"potentialAction\":[{\"@type\":\"SearchAction\",\"target\":{\"@type\":\"EntryPoint\",\"urlTemplate\":\"https:\\\/\\\/skiptheline.tickets\\\/fr\\\/?s={search_term_string}\"},\"query-input\":{\"@type\":\"PropertyValueSpecification\",\"valueRequired\":true,\"valueName\":\"search_term_string\"}}],\"inLanguage\":\"fr-FR\"},{\"@type\":\"Organization\",\"@id\":\"https:\\\/\\\/skiptheline.tickets\\\/fr\\\/#organization\",\"name\":\"Skip The Line Tickets\",\"alternateName\":\"Skiptheline.tickets\",\"url\":\"https:\\\/\\\/skiptheline.tickets\\\/fr\\\/\",\"logo\":{\"@type\":\"ImageObject\",\"inLanguage\":\"fr-FR\",\"@id\":\"https:\\\/\\\/skiptheline.tickets\\\/fr\\\/#\\\/schema\\\/logo\\\/image\\\/\",\"url\":\"https:\\\/\\\/skiptheline.tickets\\\/wp-content\\\/uploads\\\/skiptheline-tickets.png\",\"contentUrl\":\"https:\\\/\\\/skiptheline.tickets\\\/wp-content\\\/uploads\\\/skiptheline-tickets.png\",\"width\":2119,\"height\":739,\"caption\":\"Skip The Line Tickets\"},\"image\":{\"@id\":\"https:\\\/\\\/skiptheline.tickets\\\/fr\\\/#\\\/schema\\\/logo\\\/image\\\/\"},\"sameAs\":[\"https:\\\/\\\/x.com\\\/SkipTheLinesNow\",\"https:\\\/\\\/www.instagram.com\\\/skipthelinetickets\\\/\"],\"description\":\"Tired of long lines eating away your precious vacation time? At SkipTheLine.Tickets, we make it easy for you to bypass the queues and dive straight into the experiences you came for. From iconic landmarks to must-see attractions, our platform connects you with priority access tickets that save you time and hassle.\",\"email\":\"info@skiptheline.tickets\",\"foundingDate\":\"2016-02-19\",\"numberOfEmployees\":{\"@type\":\"QuantitativeValue\",\"minValue\":\"1\",\"maxValue\":\"10\"}}]}<\/script>\n<!-- \/ Yoast SEO Premium plugin. -->","yoast_head_json":{"title":"Best City &amp; Museum Passes | Comparez les prix et sautez la ligne","description":"Comparez les cartes de ville et de mus\u00e9e pour les villes les plus importantes. Voyez les inclusions, les passages directs, les r\u00e8gles de r\u00e9servation, la validit\u00e9 et les prix \u00e0 partir de.","robots":{"index":"index","follow":"follow","max-snippet":"max-snippet:-1","max-image-preview":"max-image-preview:large","max-video-preview":"max-video-preview:-1"},"canonical":"https:\/\/skiptheline.tickets\/fr\/citycards\/","og_locale":"fr_FR","og_type":"article","og_title":"City Cards","og_description":"Compare city and museum passes for top cities. See inclusions, skip-the-line\/fast track, reservation rules, validity and from prices.","og_url":"https:\/\/skiptheline.tickets\/fr\/citycards\/","og_site_name":"Skip The Line Tickets","article_modified_time":"2025-12-27T09:48:05+00:00","og_image":[{"width":1000,"height":610,"url":"https:\/\/skiptheline.tickets\/wp-content\/uploads\/citycards.jpeg","type":"image\/jpeg"}],"twitter_card":"summary_large_image","twitter_site":"@SkipTheLinesNow","twitter_misc":{"Dur\u00e9e de lecture estim\u00e9e":"7 minutes"},"schema":{"@context":"https:\/\/schema.org","@graph":[{"@type":"WebPage","@id":"https:\/\/skiptheline.tickets\/fr\/citycards\/","url":"https:\/\/skiptheline.tickets\/fr\/citycards\/","name":"Best City &amp; Museum Passes | Comparez les prix et sautez la ligne","isPartOf":{"@id":"https:\/\/skiptheline.tickets\/fr\/#website"},"primaryImageOfPage":{"@id":"https:\/\/skiptheline.tickets\/fr\/citycards\/#primaryimage"},"image":{"@id":"https:\/\/skiptheline.tickets\/fr\/citycards\/#primaryimage"},"thumbnailUrl":"https:\/\/skiptheline.tickets\/wp-content\/uploads\/citycards.jpeg","datePublished":"2025-09-29T04:44:23+00:00","dateModified":"2025-12-27T09:48:05+00:00","description":"Comparez les cartes de ville et de mus\u00e9e pour les villes les plus importantes. Voyez les inclusions, les passages directs, les r\u00e8gles de r\u00e9servation, la validit\u00e9 et les prix \u00e0 partir de.","breadcrumb":{"@id":"https:\/\/skiptheline.tickets\/fr\/citycards\/#breadcrumb"},"inLanguage":"fr-FR","potentialAction":[{"@type":"ReadAction","target":["https:\/\/skiptheline.tickets\/fr\/citycards\/"]}]},{"@type":"ImageObject","inLanguage":"fr-FR","@id":"https:\/\/skiptheline.tickets\/fr\/citycards\/#primaryimage","url":"https:\/\/skiptheline.tickets\/wp-content\/uploads\/citycards.jpeg","contentUrl":"https:\/\/skiptheline.tickets\/wp-content\/uploads\/citycards.jpeg","width":1000,"height":610,"caption":"citycards"},{"@type":"BreadcrumbList","@id":"https:\/\/skiptheline.tickets\/fr\/citycards\/#breadcrumb","itemListElement":[{"@type":"ListItem","position":1,"name":"Home","item":"https:\/\/skiptheline.tickets\/"},{"@type":"ListItem","position":2,"name":"City Cards"}]},{"@type":"WebSite","@id":"https:\/\/skiptheline.tickets\/fr\/#website","url":"https:\/\/skiptheline.tickets\/fr\/","name":"Sauter la file d'attente","description":"Sauter les files d'attente. Entrez plus intelligemment.","publisher":{"@id":"https:\/\/skiptheline.tickets\/fr\/#organization"},"potentialAction":[{"@type":"SearchAction","target":{"@type":"EntryPoint","urlTemplate":"https:\/\/skiptheline.tickets\/fr\/?s={search_term_string}"},"query-input":{"@type":"PropertyValueSpecification","valueRequired":true,"valueName":"search_term_string"}}],"inLanguage":"fr-FR"},{"@type":"Organization","@id":"https:\/\/skiptheline.tickets\/fr\/#organization","name":"Sauter la file d'attente","alternateName":"Skiptheline.tickets","url":"https:\/\/skiptheline.tickets\/fr\/","logo":{"@type":"ImageObject","inLanguage":"fr-FR","@id":"https:\/\/skiptheline.tickets\/fr\/#\/schema\/logo\/image\/","url":"https:\/\/skiptheline.tickets\/wp-content\/uploads\/skiptheline-tickets.png","contentUrl":"https:\/\/skiptheline.tickets\/wp-content\/uploads\/skiptheline-tickets.png","width":2119,"height":739,"caption":"Skip The Line Tickets"},"image":{"@id":"https:\/\/skiptheline.tickets\/fr\/#\/schema\/logo\/image\/"},"sameAs":["https:\/\/x.com\/SkipTheLinesNow","https:\/\/www.instagram.com\/skipthelinetickets\/"],"description":"Vous en avez assez des longues files d'attente qui grignotent votre pr\u00e9cieux temps de vacances ? Sur SkipTheLine.Tickets, nous vous permettons d'\u00e9viter les files d'attente et de vivre directement les exp\u00e9riences pour lesquelles vous \u00eates venus. Qu'il s'agisse de lieux embl\u00e9matiques ou d'attractions incontournables, notre plateforme vous met en relation avec des billets d'acc\u00e8s prioritaire qui vous font gagner du temps et vous \u00e9pargnent des tracas.","email":"info@skiptheline.tickets","foundingDate":"2016-02-19","numberOfEmployees":{"@type":"QuantitativeValue","minValue":"1","maxValue":"10"}}]}},"_links":{"self":[{"href":"https:\/\/skiptheline.tickets\/fr\/wp-json\/wp\/v2\/pages\/327","targetHints":{"allow":["GET"]}}],"collection":[{"href":"https:\/\/skiptheline.tickets\/fr\/wp-json\/wp\/v2\/pages"}],"about":[{"href":"https:\/\/skiptheline.tickets\/fr\/wp-json\/wp\/v2\/types\/page"}],"author":[{"embeddable":true,"href":"https:\/\/skiptheline.tickets\/fr\/wp-json\/wp\/v2\/users\/3"}],"replies":[{"embeddable":true,"href":"https:\/\/skiptheline.tickets\/fr\/wp-json\/wp\/v2\/comments?post=327"}],"version-history":[{"count":9,"href":"https:\/\/skiptheline.tickets\/fr\/wp-json\/wp\/v2\/pages\/327\/revisions"}],"predecessor-version":[{"id":10749,"href":"https:\/\/skiptheline.tickets\/fr\/wp-json\/wp\/v2\/pages\/327\/revisions\/10749"}],"wp:featuredmedia":[{"embeddable":true,"href":"https:\/\/skiptheline.tickets\/fr\/wp-json\/wp\/v2\/media\/4891"}],"wp:attachment":[{"href":"https:\/\/skiptheline.tickets\/fr\/wp-json\/wp\/v2\/media?parent=327"}],"curies":[{"name":"wp","href":"https:\/\/api.w.org\/{rel}","templated":true}]}}