{"id":324,"date":"2026-01-17T16:44:13","date_gmt":"2026-01-17T15:44:13","guid":{"rendered":"https:\/\/staging.skiptheline.tickets\/?page_id=324"},"modified":"2026-01-18T07:58:26","modified_gmt":"2026-01-18T06:58:26","slug":"cities-2","status":"publish","type":"page","link":"https:\/\/skiptheline.tickets\/fr\/cities\/","title":{"rendered":"cities"},"content":{"rendered":"","protected":false},"excerpt":{"rendered":"","protected":false},"author":3,"featured_media":5511,"parent":0,"menu_order":0,"comment_status":"closed","ping_status":"closed","template":"","meta":{"_acf_changed":false,"footnotes":""},"class_list":["post-324","page","type-page","status-publish","has-post-thumbnail","hentry"],"acf":[],"yoast_head":"<!-- This site is optimized with the Yoast SEO Premium plugin v27.2 (Yoast SEO v27.3) - https:\/\/yoast.com\/product\/yoast-seo-premium-wordpress\/ -->\n<title>Skip-the-Line in Top Cities (2026) | Fast-Track Tickets &amp; Tips<\/title>\n<meta name=\"description\" content=\"Compare fast-track, timed-entry &amp; guided options by city. Flexible cancellation. Get inside faster in Paris, Rome, NYC, Dubai &amp; more\" \/>\n<meta name=\"robots\" content=\"index, follow, max-snippet:-1, max-image-preview:large, max-video-preview:-1\" \/>\n<link rel=\"canonical\" href=\"https:\/\/skiptheline.tickets\/fr\/villes\/\" \/>\n<meta property=\"og:locale\" content=\"fr_FR\" \/>\n<meta property=\"og:type\" content=\"article\" \/>\n<meta property=\"og:title\" content=\"Cities\" \/>\n<meta property=\"og:description\" content=\"Compare fast-track, timed-entry &amp; guided options by city. Flexible cancellation. Get inside faster in Paris, Rome, NYC, Dubai &amp; more\" \/>\n<meta property=\"og:url\" content=\"https:\/\/skiptheline.tickets\/fr\/villes\/\" \/>\n<meta property=\"og:site_name\" content=\"Skip The Line Tickets\" \/>\n<meta property=\"article:modified_time\" content=\"2026-01-18T06:58:26+00:00\" \/>\n<meta property=\"og:image\" content=\"https:\/\/skiptheline.tickets\/wp-content\/uploads\/vgogh-skiptheline-1.webp\" \/>\n\t<meta property=\"og:image:width\" content=\"1130\" \/>\n\t<meta property=\"og:image:height\" content=\"753\" \/>\n\t<meta property=\"og:image:type\" content=\"image\/webp\" \/>\n<meta name=\"twitter:card\" content=\"summary_large_image\" \/>\n<meta name=\"twitter:site\" content=\"@SkipTheLinesNow\" \/>\n<meta name=\"twitter:label1\" content=\"Dur\u00e9e de lecture estim\u00e9e\" \/>\n\t<meta name=\"twitter:data1\" content=\"7 minutes\" \/>\n<script type=\"application\/ld+json\" class=\"yoast-schema-graph\">{\"@context\":\"https:\\\/\\\/schema.org\",\"@graph\":[{\"@type\":\"WebPage\",\"@id\":\"https:\\\/\\\/skiptheline.tickets\\\/fr\\\/cities\\\/\",\"url\":\"https:\\\/\\\/skiptheline.tickets\\\/fr\\\/cities\\\/\",\"name\":\"Skip-the-Line in Top Cities (2026) | Fast-Track Tickets & Tips\",\"isPartOf\":{\"@id\":\"https:\\\/\\\/skiptheline.tickets\\\/fr\\\/#website\"},\"primaryImageOfPage\":{\"@id\":\"https:\\\/\\\/skiptheline.tickets\\\/fr\\\/cities\\\/#primaryimage\"},\"image\":{\"@id\":\"https:\\\/\\\/skiptheline.tickets\\\/fr\\\/cities\\\/#primaryimage\"},\"thumbnailUrl\":\"https:\\\/\\\/skiptheline.tickets\\\/wp-content\\\/uploads\\\/vgogh-skiptheline-1.webp\",\"datePublished\":\"2026-01-17T15:44:13+00:00\",\"dateModified\":\"2026-01-18T06:58:26+00:00\",\"description\":\"Compare fast-track, timed-entry & guided options by city. Flexible cancellation. Get inside faster in Paris, Rome, NYC, Dubai & more\",\"breadcrumb\":{\"@id\":\"https:\\\/\\\/skiptheline.tickets\\\/fr\\\/cities\\\/#breadcrumb\"},\"inLanguage\":\"fr-FR\",\"potentialAction\":[{\"@type\":\"ReadAction\",\"target\":[\"https:\\\/\\\/skiptheline.tickets\\\/fr\\\/cities\\\/\"]}]},{\"@type\":\"ImageObject\",\"inLanguage\":\"fr-FR\",\"@id\":\"https:\\\/\\\/skiptheline.tickets\\\/fr\\\/cities\\\/#primaryimage\",\"url\":\"https:\\\/\\\/skiptheline.tickets\\\/wp-content\\\/uploads\\\/vgogh-skiptheline-1.webp\",\"contentUrl\":\"https:\\\/\\\/skiptheline.tickets\\\/wp-content\\\/uploads\\\/vgogh-skiptheline-1.webp\",\"width\":1130,\"height\":753,\"caption\":\"skiptheline\"},{\"@type\":\"BreadcrumbList\",\"@id\":\"https:\\\/\\\/skiptheline.tickets\\\/fr\\\/cities\\\/#breadcrumb\",\"itemListElement\":[{\"@type\":\"ListItem\",\"position\":1,\"name\":\"Home\",\"item\":\"https:\\\/\\\/skiptheline.tickets\\\/\"},{\"@type\":\"ListItem\",\"position\":2,\"name\":\"Cities\"}]},{\"@type\":\"WebSite\",\"@id\":\"https:\\\/\\\/skiptheline.tickets\\\/fr\\\/#website\",\"url\":\"https:\\\/\\\/skiptheline.tickets\\\/fr\\\/\",\"name\":\"Skip The Line Tickets\",\"description\":\"Skip The Lines. Enter Smarter.\",\"publisher\":{\"@id\":\"https:\\\/\\\/skiptheline.tickets\\\/fr\\\/#organization\"},\"potentialAction\":[{\"@type\":\"SearchAction\",\"target\":{\"@type\":\"EntryPoint\",\"urlTemplate\":\"https:\\\/\\\/skiptheline.tickets\\\/fr\\\/?s={search_term_string}\"},\"query-input\":{\"@type\":\"PropertyValueSpecification\",\"valueRequired\":true,\"valueName\":\"search_term_string\"}}],\"inLanguage\":\"fr-FR\"},{\"@type\":\"Organization\",\"@id\":\"https:\\\/\\\/skiptheline.tickets\\\/fr\\\/#organization\",\"name\":\"Skip The Line Tickets\",\"alternateName\":\"Skiptheline.tickets\",\"url\":\"https:\\\/\\\/skiptheline.tickets\\\/fr\\\/\",\"logo\":{\"@type\":\"ImageObject\",\"inLanguage\":\"fr-FR\",\"@id\":\"https:\\\/\\\/skiptheline.tickets\\\/fr\\\/#\\\/schema\\\/logo\\\/image\\\/\",\"url\":\"https:\\\/\\\/skiptheline.tickets\\\/wp-content\\\/uploads\\\/skiptheline-tickets.png\",\"contentUrl\":\"https:\\\/\\\/skiptheline.tickets\\\/wp-content\\\/uploads\\\/skiptheline-tickets.png\",\"width\":2119,\"height\":739,\"caption\":\"Skip The Line Tickets\"},\"image\":{\"@id\":\"https:\\\/\\\/skiptheline.tickets\\\/fr\\\/#\\\/schema\\\/logo\\\/image\\\/\"},\"sameAs\":[\"https:\\\/\\\/x.com\\\/SkipTheLinesNow\",\"https:\\\/\\\/www.instagram.com\\\/skipthelinetickets\\\/\"],\"description\":\"Tired of long lines eating away your precious vacation time? At SkipTheLine.Tickets, we make it easy for you to bypass the queues and dive straight into the experiences you came for. From iconic landmarks to must-see attractions, our platform connects you with priority access tickets that save you time and hassle.\",\"email\":\"info@skiptheline.tickets\",\"foundingDate\":\"2016-02-19\",\"numberOfEmployees\":{\"@type\":\"QuantitativeValue\",\"minValue\":\"1\",\"maxValue\":\"10\"}}]}<\/script>\n<!-- \/ Yoast SEO Premium plugin. -->","yoast_head_json":{"title":"Sauter la ligne dans les villes les plus importantes (2026) | Billets rapides et conseils","description":"Comparez les options d'acc\u00e8s rapide, d'entr\u00e9e minut\u00e9e et de visite guid\u00e9e par ville. Annulation flexible. Entrez plus rapidement \u00e0 Paris, Rome, New York, Duba\u00ef et plus encore.","robots":{"index":"index","follow":"follow","max-snippet":"max-snippet:-1","max-image-preview":"max-image-preview:large","max-video-preview":"max-video-preview:-1"},"canonical":"https:\/\/skiptheline.tickets\/fr\/villes\/","og_locale":"fr_FR","og_type":"article","og_title":"Cities","og_description":"Compare fast-track, timed-entry & guided options by city. Flexible cancellation. Get inside faster in Paris, Rome, NYC, Dubai & more","og_url":"https:\/\/skiptheline.tickets\/fr\/villes\/","og_site_name":"Skip The Line Tickets","article_modified_time":"2026-01-18T06:58:26+00:00","og_image":[{"width":1130,"height":753,"url":"https:\/\/skiptheline.tickets\/wp-content\/uploads\/vgogh-skiptheline-1.webp","type":"image\/webp"}],"twitter_card":"summary_large_image","twitter_site":"@SkipTheLinesNow","twitter_misc":{"Dur\u00e9e de lecture estim\u00e9e":"7 minutes"},"schema":{"@context":"https:\/\/schema.org","@graph":[{"@type":"WebPage","@id":"https:\/\/skiptheline.tickets\/fr\/cities\/","url":"https:\/\/skiptheline.tickets\/fr\/cities\/","name":"Sauter la ligne dans les villes les plus importantes (2026) | Billets rapides et conseils","isPartOf":{"@id":"https:\/\/skiptheline.tickets\/fr\/#website"},"primaryImageOfPage":{"@id":"https:\/\/skiptheline.tickets\/fr\/cities\/#primaryimage"},"image":{"@id":"https:\/\/skiptheline.tickets\/fr\/cities\/#primaryimage"},"thumbnailUrl":"https:\/\/skiptheline.tickets\/wp-content\/uploads\/vgogh-skiptheline-1.webp","datePublished":"2026-01-17T15:44:13+00:00","dateModified":"2026-01-18T06:58:26+00:00","description":"Comparez les options d'acc\u00e8s rapide, d'entr\u00e9e minut\u00e9e et de visite guid\u00e9e par ville. Annulation flexible. Entrez plus rapidement \u00e0 Paris, Rome, New York, Duba\u00ef et plus encore.","breadcrumb":{"@id":"https:\/\/skiptheline.tickets\/fr\/cities\/#breadcrumb"},"inLanguage":"fr-FR","potentialAction":[{"@type":"ReadAction","target":["https:\/\/skiptheline.tickets\/fr\/cities\/"]}]},{"@type":"ImageObject","inLanguage":"fr-FR","@id":"https:\/\/skiptheline.tickets\/fr\/cities\/#primaryimage","url":"https:\/\/skiptheline.tickets\/wp-content\/uploads\/vgogh-skiptheline-1.webp","contentUrl":"https:\/\/skiptheline.tickets\/wp-content\/uploads\/vgogh-skiptheline-1.webp","width":1130,"height":753,"caption":"skiptheline"},{"@type":"BreadcrumbList","@id":"https:\/\/skiptheline.tickets\/fr\/cities\/#breadcrumb","itemListElement":[{"@type":"ListItem","position":1,"name":"Home","item":"https:\/\/skiptheline.tickets\/"},{"@type":"ListItem","position":2,"name":"Cities"}]},{"@type":"WebSite","@id":"https:\/\/skiptheline.tickets\/fr\/#website","url":"https:\/\/skiptheline.tickets\/fr\/","name":"Sauter la file d'attente","description":"Sauter les files d'attente. Entrez plus intelligemment.","publisher":{"@id":"https:\/\/skiptheline.tickets\/fr\/#organization"},"potentialAction":[{"@type":"SearchAction","target":{"@type":"EntryPoint","urlTemplate":"https:\/\/skiptheline.tickets\/fr\/?s={search_term_string}"},"query-input":{"@type":"PropertyValueSpecification","valueRequired":true,"valueName":"search_term_string"}}],"inLanguage":"fr-FR"},{"@type":"Organization","@id":"https:\/\/skiptheline.tickets\/fr\/#organization","name":"Sauter la file d'attente","alternateName":"Skiptheline.tickets","url":"https:\/\/skiptheline.tickets\/fr\/","logo":{"@type":"ImageObject","inLanguage":"fr-FR","@id":"https:\/\/skiptheline.tickets\/fr\/#\/schema\/logo\/image\/","url":"https:\/\/skiptheline.tickets\/wp-content\/uploads\/skiptheline-tickets.png","contentUrl":"https:\/\/skiptheline.tickets\/wp-content\/uploads\/skiptheline-tickets.png","width":2119,"height":739,"caption":"Skip The Line Tickets"},"image":{"@id":"https:\/\/skiptheline.tickets\/fr\/#\/schema\/logo\/image\/"},"sameAs":["https:\/\/x.com\/SkipTheLinesNow","https:\/\/www.instagram.com\/skipthelinetickets\/"],"description":"Vous en avez assez des longues files d'attente qui grignotent votre pr\u00e9cieux temps de vacances ? Sur SkipTheLine.Tickets, nous vous permettons d'\u00e9viter les files d'attente et de vivre directement les exp\u00e9riences pour lesquelles vous \u00eates venus. Qu'il s'agisse de lieux embl\u00e9matiques ou d'attractions incontournables, notre plateforme vous met en relation avec des billets d'acc\u00e8s prioritaire qui vous font gagner du temps et vous \u00e9pargnent des tracas.","email":"info@skiptheline.tickets","foundingDate":"2016-02-19","numberOfEmployees":{"@type":"QuantitativeValue","minValue":"1","maxValue":"10"}}]}},"_links":{"self":[{"href":"https:\/\/skiptheline.tickets\/fr\/wp-json\/wp\/v2\/pages\/324","targetHints":{"allow":["GET"]}}],"collection":[{"href":"https:\/\/skiptheline.tickets\/fr\/wp-json\/wp\/v2\/pages"}],"about":[{"href":"https:\/\/skiptheline.tickets\/fr\/wp-json\/wp\/v2\/types\/page"}],"author":[{"embeddable":true,"href":"https:\/\/skiptheline.tickets\/fr\/wp-json\/wp\/v2\/users\/3"}],"replies":[{"embeddable":true,"href":"https:\/\/skiptheline.tickets\/fr\/wp-json\/wp\/v2\/comments?post=324"}],"version-history":[{"count":11,"href":"https:\/\/skiptheline.tickets\/fr\/wp-json\/wp\/v2\/pages\/324\/revisions"}],"predecessor-version":[{"id":10741,"href":"https:\/\/skiptheline.tickets\/fr\/wp-json\/wp\/v2\/pages\/324\/revisions\/10741"}],"wp:featuredmedia":[{"embeddable":true,"href":"https:\/\/skiptheline.tickets\/fr\/wp-json\/wp\/v2\/media\/5511"}],"wp:attachment":[{"href":"https:\/\/skiptheline.tickets\/fr\/wp-json\/wp\/v2\/media?parent=324"}],"curies":[{"name":"wp","href":"https:\/\/api.w.org\/{rel}","templated":true}]}}