{"id":5212,"date":"2024-04-15T13:41:49","date_gmt":"2024-04-15T11:41:49","guid":{"rendered":"https:\/\/p5he8rwyn6.onrocket.site\/?page_id=5212"},"modified":"2025-01-05T13:29:28","modified_gmt":"2025-01-05T12:29:28","slug":"privacy-policy-2","status":"publish","type":"page","link":"https:\/\/skiptheline.tickets\/es\/disclaimer\/","title":{"rendered":"Descargo de responsabilidad"},"content":{"rendered":"<p><em>Uso de Skiptheline.tickets<\/em><\/p>\n<p>&nbsp;<\/p>\n<p>Bienvenido a Skiptheline.tickets. Antes de continuar, le rogamos que lea atentamente el siguiente descargo de responsabilidad. Al utilizar nuestro sitio web, usted acepta los t\u00e9rminos y condiciones establecidos a continuaci\u00f3n:<\/p>\n<p>&nbsp;<\/p>\n<p>Precisi\u00f3n y responsabilidad: En Skiptheline.tickets, nos esforzamos por ser precisos y cuidadosos a la hora de recopilar, analizar y presentar datos y productos en nuestro sitio web. Sin embargo, los datos incorrectos, fallos t\u00e9cnicos y otros factores pueden dar lugar a inexactitudes en el sitio web. No nos hacemos responsables de los da\u00f1os resultantes de tales inexactitudes u omisiones.<\/p>\n<p>&nbsp;<\/p>\n<p>Da\u00f1os relacionados con Internet: No aceptamos responsabilidad alguna por los problemas inherentes a la distribuci\u00f3n de informaci\u00f3n a trav\u00e9s de Internet, tales como fallos, interrupciones, errores o retrasos en la informaci\u00f3n o los servicios prestados a trav\u00e9s de Skiptheline.tickets.<\/p>\n<p>&nbsp;<\/p>\n<p>Uso bajo su propio riesgo: El uso de Skiptheline.tickets es bajo el propio riesgo del visitante. Cualquier decisi\u00f3n de compra basada en la informaci\u00f3n de nuestro sitio web es responsabilidad del usuario.<\/p>\n<p>&nbsp;<\/p>\n<p>Ausencia de responsabilidad por da\u00f1os y perjuicios: No nos hacemos responsables de ning\u00fan da\u00f1o derivado del uso de cualquier informaci\u00f3n, consejo o idea proporcionada en nuestro sitio web, incluidos los datos que conduzcan a la compra de productos y\/o servicios.<\/p>\n<p>&nbsp;<\/p>\n<p>Hiperv\u00ednculos a terceros: No somos responsables del contenido de los sitios web externos a los que hacemos referencia a trav\u00e9s de hiperv\u00ednculos o de otro modo.<\/p>\n<p>&nbsp;<\/p>\n<p>Sin asesoramiento profesional: El contenido de Skiptheline.tickets no proporciona asesoramiento legal, financiero, m\u00e9dico o cualquier otro tipo de asesoramiento profesional. Consulte siempre a profesionales cualificados para tomar decisiones espec\u00edficas.<\/p>\n<p>&nbsp;<\/p>\n<p>Cambios y actualizaciones: Nos reservamos el derecho a cambiar, actualizar o eliminar el contenido del sitio web en cualquier momento y sin previo aviso.<\/p>\n<p>&nbsp;<\/p>\n<p>Limitaci\u00f3n de responsabilidad: Nuestra responsabilidad est\u00e1 limitada al m\u00e1ximo permitido por la ley en la jurisdicci\u00f3n aplicable.<\/p>\n<p>&nbsp;<\/p>\n<p>Privacidad y uso de datos: si se recogen datos personales, se proteger\u00e1n y tratar\u00e1n de acuerdo con la legislaci\u00f3n aplicable en materia de privacidad. Consulte nuestra pol\u00edtica de privacidad para obtener m\u00e1s informaci\u00f3n.<\/p>\n<p>&nbsp;<\/p>\n<p>Jurisdicci\u00f3n y ley aplicable: Las disputas estar\u00e1n sujetas a la jurisdicci\u00f3n de la jurisdicci\u00f3n aplicable, y el Acuerdo se regir\u00e1 por las leyes pertinentes.<\/p>\n<p>&nbsp;<\/p>\n<p>Contacto: Para preguntas, comentarios o quejas, puede ponerse en contacto con nosotros a trav\u00e9s de los datos de contacto que figuran en la p\u00e1gina de contacto.<\/p>\n<p>&nbsp;<\/p>\n<p>Al continuar utilizando Skiptheline.tickets, usted est\u00e1 de acuerdo con este descargo de responsabilidad y acepta los t\u00e9rminos y condiciones establecidos en el presente documento.<\/p>","protected":false},"excerpt":{"rendered":"<p>Use of Skiptheline.tickets &nbsp; Welcome to Skiptheline.tickets. Before you proceed, we ask that you read the following disclaimer carefully. By using our website, you agree to the terms and conditions set out below: &nbsp; Accuracy and Liability: At Skiptheline.tickets, we strive for accuracy and care in collecting, analyzing, and presenting data and products on our [&hellip;]<\/p>\n","protected":false},"author":3,"featured_media":0,"parent":0,"menu_order":0,"comment_status":"closed","ping_status":"closed","template":"","meta":{"_acf_changed":false,"footnotes":""},"class_list":["post-5212","page","type-page","status-publish","hentry"],"acf":[],"yoast_head":"<!-- This site is optimized with the Yoast SEO Premium plugin v27.2 (Yoast SEO v27.3) - https:\/\/yoast.com\/product\/yoast-seo-premium-wordpress\/ -->\n<title>Privacy Policy - Disclaimer | Skip The Line Tickets<\/title>\n<meta name=\"description\" content=\"Read Skip The Line Tickets disclaimer to understand our accuracy, liability, and data use policies. Use our site at your own risk. Learn more about our terms and conditions.\" \/>\n<meta name=\"robots\" content=\"noindex, nofollow\" \/>\n<meta property=\"og:locale\" content=\"es_ES\" \/>\n<meta property=\"og:type\" content=\"article\" \/>\n<meta property=\"og:title\" content=\"Disclaimer\" \/>\n<meta property=\"og:description\" content=\"Read Skip The Line Tickets disclaimer to understand our accuracy, liability, and data use policies. Use our site at your own risk. Learn more about our terms and conditions.\" \/>\n<meta property=\"og:url\" content=\"https:\/\/skiptheline.tickets\/es\/disclaimer\/\" \/>\n<meta property=\"og:site_name\" content=\"Skip The Line Tickets\" \/>\n<meta property=\"article:modified_time\" content=\"2025-01-05T12:29:28+00:00\" \/>\n<meta property=\"og:image\" content=\"https:\/\/skiptheline.tickets\/wp-content\/uploads\/Louvre_Skipthelinetickets-2.webp\" \/>\n\t<meta property=\"og:image:width\" content=\"1000\" \/>\n\t<meta property=\"og:image:height\" content=\"545\" \/>\n\t<meta property=\"og:image:type\" content=\"image\/webp\" \/>\n<meta name=\"twitter:card\" content=\"summary_large_image\" \/>\n<meta name=\"twitter:site\" content=\"@SkipTheLinesNow\" \/>\n<meta name=\"twitter:label1\" content=\"Tiempo de lectura\" \/>\n\t<meta name=\"twitter:data1\" content=\"2 minutos\" \/>\n<script type=\"application\/ld+json\" class=\"yoast-schema-graph\">{\"@context\":\"https:\\\/\\\/schema.org\",\"@graph\":[{\"@type\":\"WebPage\",\"@id\":\"https:\\\/\\\/skiptheline.tickets\\\/es\\\/disclaimer\\\/\",\"url\":\"https:\\\/\\\/skiptheline.tickets\\\/es\\\/disclaimer\\\/\",\"name\":\"Privacy Policy - Disclaimer | Skip The Line Tickets\",\"isPartOf\":{\"@id\":\"https:\\\/\\\/skiptheline.tickets\\\/es\\\/#website\"},\"datePublished\":\"2024-04-15T11:41:49+00:00\",\"dateModified\":\"2025-01-05T12:29:28+00:00\",\"description\":\"Read Skip The Line Tickets disclaimer to understand our accuracy, liability, and data use policies. Use our site at your own risk. Learn more about our terms and conditions.\",\"breadcrumb\":{\"@id\":\"https:\\\/\\\/skiptheline.tickets\\\/es\\\/disclaimer\\\/#breadcrumb\"},\"inLanguage\":\"es\",\"potentialAction\":[{\"@type\":\"ReadAction\",\"target\":[\"https:\\\/\\\/skiptheline.tickets\\\/es\\\/disclaimer\\\/\"]}]},{\"@type\":\"BreadcrumbList\",\"@id\":\"https:\\\/\\\/skiptheline.tickets\\\/es\\\/disclaimer\\\/#breadcrumb\",\"itemListElement\":[{\"@type\":\"ListItem\",\"position\":1,\"name\":\"Home\",\"item\":\"https:\\\/\\\/skiptheline.tickets\\\/\"},{\"@type\":\"ListItem\",\"position\":2,\"name\":\"Disclaimer\"}]},{\"@type\":\"WebSite\",\"@id\":\"https:\\\/\\\/skiptheline.tickets\\\/es\\\/#website\",\"url\":\"https:\\\/\\\/skiptheline.tickets\\\/es\\\/\",\"name\":\"Skip The Line Tickets\",\"description\":\"Skip The Lines. Enter Smarter.\",\"publisher\":{\"@id\":\"https:\\\/\\\/skiptheline.tickets\\\/es\\\/#organization\"},\"potentialAction\":[{\"@type\":\"SearchAction\",\"target\":{\"@type\":\"EntryPoint\",\"urlTemplate\":\"https:\\\/\\\/skiptheline.tickets\\\/es\\\/?s={search_term_string}\"},\"query-input\":{\"@type\":\"PropertyValueSpecification\",\"valueRequired\":true,\"valueName\":\"search_term_string\"}}],\"inLanguage\":\"es\"},{\"@type\":\"Organization\",\"@id\":\"https:\\\/\\\/skiptheline.tickets\\\/es\\\/#organization\",\"name\":\"Skip The Line Tickets\",\"alternateName\":\"Skiptheline.tickets\",\"url\":\"https:\\\/\\\/skiptheline.tickets\\\/es\\\/\",\"logo\":{\"@type\":\"ImageObject\",\"inLanguage\":\"es\",\"@id\":\"https:\\\/\\\/skiptheline.tickets\\\/es\\\/#\\\/schema\\\/logo\\\/image\\\/\",\"url\":\"https:\\\/\\\/skiptheline.tickets\\\/wp-content\\\/uploads\\\/skiptheline-tickets.png\",\"contentUrl\":\"https:\\\/\\\/skiptheline.tickets\\\/wp-content\\\/uploads\\\/skiptheline-tickets.png\",\"width\":2119,\"height\":739,\"caption\":\"Skip The Line Tickets\"},\"image\":{\"@id\":\"https:\\\/\\\/skiptheline.tickets\\\/es\\\/#\\\/schema\\\/logo\\\/image\\\/\"},\"sameAs\":[\"https:\\\/\\\/x.com\\\/SkipTheLinesNow\",\"https:\\\/\\\/www.instagram.com\\\/skipthelinetickets\\\/\"],\"description\":\"Tired of long lines eating away your precious vacation time? At SkipTheLine.Tickets, we make it easy for you to bypass the queues and dive straight into the experiences you came for. From iconic landmarks to must-see attractions, our platform connects you with priority access tickets that save you time and hassle.\",\"email\":\"info@skiptheline.tickets\",\"foundingDate\":\"2016-02-19\",\"numberOfEmployees\":{\"@type\":\"QuantitativeValue\",\"minValue\":\"1\",\"maxValue\":\"10\"}}]}<\/script>\n<!-- \/ Yoast SEO Premium plugin. -->","yoast_head_json":{"title":"Pol\u00edtica de privacidad - Aviso legal | Entradas Skip The Line","description":"Lea el descargo de responsabilidad de Skip The Line Tickets para comprender nuestras pol\u00edticas de precisi\u00f3n, responsabilidad y uso de datos. Utilice nuestro sitio bajo su propia responsabilidad. M\u00e1s informaci\u00f3n sobre nuestros t\u00e9rminos y condiciones.","robots":{"index":"noindex","follow":"nofollow"},"og_locale":"es_ES","og_type":"article","og_title":"Disclaimer","og_description":"Read Skip The Line Tickets disclaimer to understand our accuracy, liability, and data use policies. Use our site at your own risk. Learn more about our terms and conditions.","og_url":"https:\/\/skiptheline.tickets\/es\/disclaimer\/","og_site_name":"Skip The Line Tickets","article_modified_time":"2025-01-05T12:29:28+00:00","og_image":[{"width":1000,"height":545,"url":"https:\/\/skiptheline.tickets\/wp-content\/uploads\/Louvre_Skipthelinetickets-2.webp","type":"image\/webp"}],"twitter_card":"summary_large_image","twitter_site":"@SkipTheLinesNow","twitter_misc":{"Tiempo de lectura":"2 minutos"},"schema":{"@context":"https:\/\/schema.org","@graph":[{"@type":"WebPage","@id":"https:\/\/skiptheline.tickets\/es\/disclaimer\/","url":"https:\/\/skiptheline.tickets\/es\/disclaimer\/","name":"Pol\u00edtica de privacidad - Aviso legal | Entradas Skip The Line","isPartOf":{"@id":"https:\/\/skiptheline.tickets\/es\/#website"},"datePublished":"2024-04-15T11:41:49+00:00","dateModified":"2025-01-05T12:29:28+00:00","description":"Lea el descargo de responsabilidad de Skip The Line Tickets para comprender nuestras pol\u00edticas de precisi\u00f3n, responsabilidad y uso de datos. Utilice nuestro sitio bajo su propia responsabilidad. M\u00e1s informaci\u00f3n sobre nuestros t\u00e9rminos y condiciones.","breadcrumb":{"@id":"https:\/\/skiptheline.tickets\/es\/disclaimer\/#breadcrumb"},"inLanguage":"es","potentialAction":[{"@type":"ReadAction","target":["https:\/\/skiptheline.tickets\/es\/disclaimer\/"]}]},{"@type":"BreadcrumbList","@id":"https:\/\/skiptheline.tickets\/es\/disclaimer\/#breadcrumb","itemListElement":[{"@type":"ListItem","position":1,"name":"Home","item":"https:\/\/skiptheline.tickets\/"},{"@type":"ListItem","position":2,"name":"Disclaimer"}]},{"@type":"WebSite","@id":"https:\/\/skiptheline.tickets\/es\/#website","url":"https:\/\/skiptheline.tickets\/es\/","name":"Entradas Skip The Line","description":"S\u00e1ltese las colas. Entre con m\u00e1s inteligencia.","publisher":{"@id":"https:\/\/skiptheline.tickets\/es\/#organization"},"potentialAction":[{"@type":"SearchAction","target":{"@type":"EntryPoint","urlTemplate":"https:\/\/skiptheline.tickets\/es\/?s={search_term_string}"},"query-input":{"@type":"PropertyValueSpecification","valueRequired":true,"valueName":"search_term_string"}}],"inLanguage":"es"},{"@type":"Organization","@id":"https:\/\/skiptheline.tickets\/es\/#organization","name":"Entradas Skip The Line","alternateName":"Skiptheline.tickets","url":"https:\/\/skiptheline.tickets\/es\/","logo":{"@type":"ImageObject","inLanguage":"es","@id":"https:\/\/skiptheline.tickets\/es\/#\/schema\/logo\/image\/","url":"https:\/\/skiptheline.tickets\/wp-content\/uploads\/skiptheline-tickets.png","contentUrl":"https:\/\/skiptheline.tickets\/wp-content\/uploads\/skiptheline-tickets.png","width":2119,"height":739,"caption":"Skip The Line Tickets"},"image":{"@id":"https:\/\/skiptheline.tickets\/es\/#\/schema\/logo\/image\/"},"sameAs":["https:\/\/x.com\/SkipTheLinesNow","https:\/\/www.instagram.com\/skipthelinetickets\/"],"description":"\u00bfCansado de las largas colas que le roban su valioso tiempo de vacaciones? En SkipTheLine.Tickets, te lo ponemos f\u00e1cil para que te saltes las colas y te sumerjas directamente en las experiencias por las que has venido. Desde lugares emblem\u00e1ticos a atracciones imprescindibles, nuestra plataforma le conecta con entradas de acceso prioritario que le ahorran tiempo y molestias.","email":"info@skiptheline.tickets","foundingDate":"2016-02-19","numberOfEmployees":{"@type":"QuantitativeValue","minValue":"1","maxValue":"10"}}]}},"_links":{"self":[{"href":"https:\/\/skiptheline.tickets\/es\/wp-json\/wp\/v2\/pages\/5212","targetHints":{"allow":["GET"]}}],"collection":[{"href":"https:\/\/skiptheline.tickets\/es\/wp-json\/wp\/v2\/pages"}],"about":[{"href":"https:\/\/skiptheline.tickets\/es\/wp-json\/wp\/v2\/types\/page"}],"author":[{"embeddable":true,"href":"https:\/\/skiptheline.tickets\/es\/wp-json\/wp\/v2\/users\/3"}],"replies":[{"embeddable":true,"href":"https:\/\/skiptheline.tickets\/es\/wp-json\/wp\/v2\/comments?post=5212"}],"version-history":[{"count":0,"href":"https:\/\/skiptheline.tickets\/es\/wp-json\/wp\/v2\/pages\/5212\/revisions"}],"wp:attachment":[{"href":"https:\/\/skiptheline.tickets\/es\/wp-json\/wp\/v2\/media?parent=5212"}],"curies":[{"name":"wp","href":"https:\/\/api.w.org\/{rel}","templated":true}]}}