{"id":5205,"date":"2024-04-14T11:47:00","date_gmt":"2024-04-14T09:47:00","guid":{"rendered":"https:\/\/p5he8rwyn6.onrocket.site\/?page_id=5205"},"modified":"2025-09-27T09:49:32","modified_gmt":"2025-09-27T07:49:32","slug":"privacy-policy","status":"publish","type":"page","link":"https:\/\/skiptheline.tickets\/es\/privacy-policy\/","title":{"rendered":"Pol\u00edtica de privacidad"},"content":{"rendered":"","protected":false},"excerpt":{"rendered":"","protected":false},"author":3,"featured_media":0,"parent":0,"menu_order":0,"comment_status":"closed","ping_status":"closed","template":"","meta":{"_acf_changed":false,"footnotes":""},"class_list":["post-5205","page","type-page","status-publish","hentry"],"acf":[],"yoast_head":"<!-- This site is optimized with the Yoast SEO Premium plugin v27.4 (Yoast SEO v27.4) - https:\/\/yoast.com\/product\/yoast-seo-premium-wordpress\/ -->\n<title>Privacy Policy - Privacy Policy Terms | Skip The Line Tickets<\/title>\n<meta name=\"description\" content=\"Read Skip The Line Tickets Privacy Policy and Terms of Service. Learn how we protect your data and ensure your privacy. Secure and transparent ticketing experience.\" \/>\n<meta name=\"robots\" content=\"noindex, nofollow\" \/>\n<meta property=\"og:locale\" content=\"es_ES\" \/>\n<meta property=\"og:type\" content=\"article\" \/>\n<meta property=\"og:title\" content=\"Privacy Policy\" \/>\n<meta property=\"og:description\" content=\"Read Skip The Line Tickets Privacy Policy and Terms of Service. Learn how we protect your data and ensure your privacy. Secure and transparent ticketing experience.\" \/>\n<meta property=\"og:url\" content=\"https:\/\/skiptheline.tickets\/es\/privacy-policy\/\" \/>\n<meta property=\"og:site_name\" content=\"Skip The Line Tickets\" \/>\n<meta property=\"article:modified_time\" content=\"2025-09-27T07:49:32+00:00\" \/>\n<meta property=\"og:image\" content=\"https:\/\/skiptheline.tickets\/wp-content\/uploads\/Louvre_Skipthelinetickets-2.webp\" \/>\n\t<meta property=\"og:image:width\" content=\"1000\" \/>\n\t<meta property=\"og:image:height\" content=\"545\" \/>\n\t<meta property=\"og:image:type\" content=\"image\/webp\" \/>\n<meta name=\"twitter:card\" content=\"summary_large_image\" \/>\n<meta name=\"twitter:site\" content=\"@SkipTheLinesNow\" \/>\n<meta name=\"twitter:label1\" content=\"Tiempo de lectura\" \/>\n\t<meta name=\"twitter:data1\" content=\"23 minutos\" \/>\n<script type=\"application\/ld+json\" class=\"yoast-schema-graph\">{\"@context\":\"https:\\\/\\\/schema.org\",\"@graph\":[{\"@type\":\"WebPage\",\"@id\":\"https:\\\/\\\/skiptheline.tickets\\\/es\\\/privacy-policy\\\/\",\"url\":\"https:\\\/\\\/skiptheline.tickets\\\/es\\\/privacy-policy\\\/\",\"name\":\"Privacy Policy - Privacy Policy Terms | Skip The Line Tickets\",\"isPartOf\":{\"@id\":\"https:\\\/\\\/skiptheline.tickets\\\/es\\\/#website\"},\"datePublished\":\"2024-04-14T09:47:00+00:00\",\"dateModified\":\"2025-09-27T07:49:32+00:00\",\"description\":\"Read Skip The Line Tickets Privacy Policy and Terms of Service. Learn how we protect your data and ensure your privacy. Secure and transparent ticketing experience.\",\"breadcrumb\":{\"@id\":\"https:\\\/\\\/skiptheline.tickets\\\/es\\\/privacy-policy\\\/#breadcrumb\"},\"inLanguage\":\"es\",\"potentialAction\":[{\"@type\":\"ReadAction\",\"target\":[\"https:\\\/\\\/skiptheline.tickets\\\/es\\\/privacy-policy\\\/\"]}]},{\"@type\":\"BreadcrumbList\",\"@id\":\"https:\\\/\\\/skiptheline.tickets\\\/es\\\/privacy-policy\\\/#breadcrumb\",\"itemListElement\":[{\"@type\":\"ListItem\",\"position\":1,\"name\":\"Home\",\"item\":\"https:\\\/\\\/skiptheline.tickets\\\/\"},{\"@type\":\"ListItem\",\"position\":2,\"name\":\"Privacy Policy\"}]},{\"@type\":\"WebSite\",\"@id\":\"https:\\\/\\\/skiptheline.tickets\\\/es\\\/#website\",\"url\":\"https:\\\/\\\/skiptheline.tickets\\\/es\\\/\",\"name\":\"Skip The Line Tickets\",\"description\":\"Skip The Lines. Enter Smarter.\",\"publisher\":{\"@id\":\"https:\\\/\\\/skiptheline.tickets\\\/es\\\/#organization\"},\"potentialAction\":[{\"@type\":\"SearchAction\",\"target\":{\"@type\":\"EntryPoint\",\"urlTemplate\":\"https:\\\/\\\/skiptheline.tickets\\\/es\\\/?s={search_term_string}\"},\"query-input\":{\"@type\":\"PropertyValueSpecification\",\"valueRequired\":true,\"valueName\":\"search_term_string\"}}],\"inLanguage\":\"es\"},{\"@type\":\"Organization\",\"@id\":\"https:\\\/\\\/skiptheline.tickets\\\/es\\\/#organization\",\"name\":\"Skip The Line Tickets\",\"alternateName\":\"Skiptheline.tickets\",\"url\":\"https:\\\/\\\/skiptheline.tickets\\\/es\\\/\",\"logo\":{\"@type\":\"ImageObject\",\"inLanguage\":\"es\",\"@id\":\"https:\\\/\\\/skiptheline.tickets\\\/es\\\/#\\\/schema\\\/logo\\\/image\\\/\",\"url\":\"https:\\\/\\\/skiptheline.tickets\\\/wp-content\\\/uploads\\\/skiptheline-tickets.png\",\"contentUrl\":\"https:\\\/\\\/skiptheline.tickets\\\/wp-content\\\/uploads\\\/skiptheline-tickets.png\",\"width\":2119,\"height\":739,\"caption\":\"Skip The Line Tickets\"},\"image\":{\"@id\":\"https:\\\/\\\/skiptheline.tickets\\\/es\\\/#\\\/schema\\\/logo\\\/image\\\/\"},\"sameAs\":[\"https:\\\/\\\/x.com\\\/SkipTheLinesNow\",\"https:\\\/\\\/www.instagram.com\\\/skipthelinetickets\\\/\"],\"description\":\"Tired of long lines eating away your precious vacation time? At SkipTheLine.Tickets, we make it easy for you to bypass the queues and dive straight into the experiences you came for. From iconic landmarks to must-see attractions, our platform connects you with priority access tickets that save you time and hassle.\",\"email\":\"info@skiptheline.tickets\",\"foundingDate\":\"2016-02-19\",\"numberOfEmployees\":{\"@type\":\"QuantitativeValue\",\"minValue\":\"1\",\"maxValue\":\"10\"}}]}<\/script>\n<!-- \/ Yoast SEO Premium plugin. -->","yoast_head_json":{"title":"Pol\u00edtica de privacidad - Pol\u00edtica de privacidad T\u00e9rminos | Entradas Skip The Line","description":"Lea la Pol\u00edtica de Privacidad y las Condiciones de Servicio de Skip The Line Tickets. Sepa c\u00f3mo protegemos sus datos y garantizamos su privacidad. Experiencia de venta de entradas segura y transparente.","robots":{"index":"noindex","follow":"nofollow"},"og_locale":"es_ES","og_type":"article","og_title":"Privacy Policy","og_description":"Read Skip The Line Tickets Privacy Policy and Terms of Service. Learn how we protect your data and ensure your privacy. Secure and transparent ticketing experience.","og_url":"https:\/\/skiptheline.tickets\/es\/privacy-policy\/","og_site_name":"Skip The Line Tickets","article_modified_time":"2025-09-27T07:49:32+00:00","og_image":[{"width":1000,"height":545,"url":"https:\/\/skiptheline.tickets\/wp-content\/uploads\/Louvre_Skipthelinetickets-2.webp","type":"image\/webp"}],"twitter_card":"summary_large_image","twitter_site":"@SkipTheLinesNow","twitter_misc":{"Tiempo de lectura":"23 minutos"},"schema":{"@context":"https:\/\/schema.org","@graph":[{"@type":"WebPage","@id":"https:\/\/skiptheline.tickets\/es\/privacy-policy\/","url":"https:\/\/skiptheline.tickets\/es\/privacy-policy\/","name":"Pol\u00edtica de privacidad - Pol\u00edtica de privacidad T\u00e9rminos | Entradas Skip The Line","isPartOf":{"@id":"https:\/\/skiptheline.tickets\/es\/#website"},"datePublished":"2024-04-14T09:47:00+00:00","dateModified":"2025-09-27T07:49:32+00:00","description":"Lea la Pol\u00edtica de Privacidad y las Condiciones de Servicio de Skip The Line Tickets. Sepa c\u00f3mo protegemos sus datos y garantizamos su privacidad. Experiencia de venta de entradas segura y transparente.","breadcrumb":{"@id":"https:\/\/skiptheline.tickets\/es\/privacy-policy\/#breadcrumb"},"inLanguage":"es","potentialAction":[{"@type":"ReadAction","target":["https:\/\/skiptheline.tickets\/es\/privacy-policy\/"]}]},{"@type":"BreadcrumbList","@id":"https:\/\/skiptheline.tickets\/es\/privacy-policy\/#breadcrumb","itemListElement":[{"@type":"ListItem","position":1,"name":"Home","item":"https:\/\/skiptheline.tickets\/"},{"@type":"ListItem","position":2,"name":"Privacy Policy"}]},{"@type":"WebSite","@id":"https:\/\/skiptheline.tickets\/es\/#website","url":"https:\/\/skiptheline.tickets\/es\/","name":"Entradas Skip The Line","description":"S\u00e1ltese las colas. Entre con m\u00e1s inteligencia.","publisher":{"@id":"https:\/\/skiptheline.tickets\/es\/#organization"},"potentialAction":[{"@type":"SearchAction","target":{"@type":"EntryPoint","urlTemplate":"https:\/\/skiptheline.tickets\/es\/?s={search_term_string}"},"query-input":{"@type":"PropertyValueSpecification","valueRequired":true,"valueName":"search_term_string"}}],"inLanguage":"es"},{"@type":"Organization","@id":"https:\/\/skiptheline.tickets\/es\/#organization","name":"Entradas Skip The Line","alternateName":"Skiptheline.tickets","url":"https:\/\/skiptheline.tickets\/es\/","logo":{"@type":"ImageObject","inLanguage":"es","@id":"https:\/\/skiptheline.tickets\/es\/#\/schema\/logo\/image\/","url":"https:\/\/skiptheline.tickets\/wp-content\/uploads\/skiptheline-tickets.png","contentUrl":"https:\/\/skiptheline.tickets\/wp-content\/uploads\/skiptheline-tickets.png","width":2119,"height":739,"caption":"Skip The Line Tickets"},"image":{"@id":"https:\/\/skiptheline.tickets\/es\/#\/schema\/logo\/image\/"},"sameAs":["https:\/\/x.com\/SkipTheLinesNow","https:\/\/www.instagram.com\/skipthelinetickets\/"],"description":"\u00bfCansado de las largas colas que le roban su valioso tiempo de vacaciones? En SkipTheLine.Tickets, te lo ponemos f\u00e1cil para que te saltes las colas y te sumerjas directamente en las experiencias por las que has venido. Desde lugares emblem\u00e1ticos a atracciones imprescindibles, nuestra plataforma le conecta con entradas de acceso prioritario que le ahorran tiempo y molestias.","email":"info@skiptheline.tickets","foundingDate":"2016-02-19","numberOfEmployees":{"@type":"QuantitativeValue","minValue":"1","maxValue":"10"}}]}},"_links":{"self":[{"href":"https:\/\/skiptheline.tickets\/es\/wp-json\/wp\/v2\/pages\/5205","targetHints":{"allow":["GET"]}}],"collection":[{"href":"https:\/\/skiptheline.tickets\/es\/wp-json\/wp\/v2\/pages"}],"about":[{"href":"https:\/\/skiptheline.tickets\/es\/wp-json\/wp\/v2\/types\/page"}],"author":[{"embeddable":true,"href":"https:\/\/skiptheline.tickets\/es\/wp-json\/wp\/v2\/users\/3"}],"replies":[{"embeddable":true,"href":"https:\/\/skiptheline.tickets\/es\/wp-json\/wp\/v2\/comments?post=5205"}],"version-history":[{"count":1,"href":"https:\/\/skiptheline.tickets\/es\/wp-json\/wp\/v2\/pages\/5205\/revisions"}],"predecessor-version":[{"id":9956,"href":"https:\/\/skiptheline.tickets\/es\/wp-json\/wp\/v2\/pages\/5205\/revisions\/9956"}],"wp:attachment":[{"href":"https:\/\/skiptheline.tickets\/es\/wp-json\/wp\/v2\/media?parent=5205"}],"curies":[{"name":"wp","href":"https:\/\/api.w.org\/{rel}","templated":true}]}}