{"id":324,"date":"2026-01-17T16:44:13","date_gmt":"2026-01-17T15:44:13","guid":{"rendered":"https:\/\/staging.skiptheline.tickets\/?page_id=324"},"modified":"2026-01-18T07:58:26","modified_gmt":"2026-01-18T06:58:26","slug":"cities-2","status":"publish","type":"page","link":"https:\/\/skiptheline.tickets\/es\/cities\/","title":{"rendered":"cities"},"content":{"rendered":"","protected":false},"excerpt":{"rendered":"","protected":false},"author":3,"featured_media":5511,"parent":0,"menu_order":0,"comment_status":"closed","ping_status":"closed","template":"","meta":{"_acf_changed":false,"footnotes":""},"class_list":["post-324","page","type-page","status-publish","has-post-thumbnail","hentry"],"acf":[],"yoast_head":"<!-- This site is optimized with the Yoast SEO Premium plugin v27.2 (Yoast SEO v27.3) - https:\/\/yoast.com\/product\/yoast-seo-premium-wordpress\/ -->\n<title>Skip-the-Line in Top Cities (2026) | Fast-Track Tickets &amp; Tips<\/title>\n<meta name=\"description\" content=\"Compare fast-track, timed-entry &amp; guided options by city. Flexible cancellation. Get inside faster in Paris, Rome, NYC, Dubai &amp; more\" \/>\n<meta name=\"robots\" content=\"index, follow, max-snippet:-1, max-image-preview:large, max-video-preview:-1\" \/>\n<link rel=\"canonical\" href=\"https:\/\/skiptheline.tickets\/es\/ciudades\/\" \/>\n<meta property=\"og:locale\" content=\"es_ES\" \/>\n<meta property=\"og:type\" content=\"article\" \/>\n<meta property=\"og:title\" content=\"Cities\" \/>\n<meta property=\"og:description\" content=\"Compare fast-track, timed-entry &amp; guided options by city. Flexible cancellation. Get inside faster in Paris, Rome, NYC, Dubai &amp; more\" \/>\n<meta property=\"og:url\" content=\"https:\/\/skiptheline.tickets\/es\/ciudades\/\" \/>\n<meta property=\"og:site_name\" content=\"Skip The Line Tickets\" \/>\n<meta property=\"article:modified_time\" content=\"2026-01-18T06:58:26+00:00\" \/>\n<meta property=\"og:image\" content=\"https:\/\/skiptheline.tickets\/wp-content\/uploads\/vgogh-skiptheline-1.webp\" \/>\n\t<meta property=\"og:image:width\" content=\"1130\" \/>\n\t<meta property=\"og:image:height\" content=\"753\" \/>\n\t<meta property=\"og:image:type\" content=\"image\/webp\" \/>\n<meta name=\"twitter:card\" content=\"summary_large_image\" \/>\n<meta name=\"twitter:site\" content=\"@SkipTheLinesNow\" \/>\n<meta name=\"twitter:label1\" content=\"Tiempo de lectura\" \/>\n\t<meta name=\"twitter:data1\" content=\"7 minutos\" \/>\n<script type=\"application\/ld+json\" class=\"yoast-schema-graph\">{\"@context\":\"https:\\\/\\\/schema.org\",\"@graph\":[{\"@type\":\"WebPage\",\"@id\":\"https:\\\/\\\/skiptheline.tickets\\\/es\\\/cities\\\/\",\"url\":\"https:\\\/\\\/skiptheline.tickets\\\/es\\\/cities\\\/\",\"name\":\"Skip-the-Line in Top Cities (2026) | Fast-Track Tickets & Tips\",\"isPartOf\":{\"@id\":\"https:\\\/\\\/skiptheline.tickets\\\/es\\\/#website\"},\"primaryImageOfPage\":{\"@id\":\"https:\\\/\\\/skiptheline.tickets\\\/es\\\/cities\\\/#primaryimage\"},\"image\":{\"@id\":\"https:\\\/\\\/skiptheline.tickets\\\/es\\\/cities\\\/#primaryimage\"},\"thumbnailUrl\":\"https:\\\/\\\/skiptheline.tickets\\\/wp-content\\\/uploads\\\/vgogh-skiptheline-1.webp\",\"datePublished\":\"2026-01-17T15:44:13+00:00\",\"dateModified\":\"2026-01-18T06:58:26+00:00\",\"description\":\"Compare fast-track, timed-entry & guided options by city. Flexible cancellation. Get inside faster in Paris, Rome, NYC, Dubai & more\",\"breadcrumb\":{\"@id\":\"https:\\\/\\\/skiptheline.tickets\\\/es\\\/cities\\\/#breadcrumb\"},\"inLanguage\":\"es\",\"potentialAction\":[{\"@type\":\"ReadAction\",\"target\":[\"https:\\\/\\\/skiptheline.tickets\\\/es\\\/cities\\\/\"]}]},{\"@type\":\"ImageObject\",\"inLanguage\":\"es\",\"@id\":\"https:\\\/\\\/skiptheline.tickets\\\/es\\\/cities\\\/#primaryimage\",\"url\":\"https:\\\/\\\/skiptheline.tickets\\\/wp-content\\\/uploads\\\/vgogh-skiptheline-1.webp\",\"contentUrl\":\"https:\\\/\\\/skiptheline.tickets\\\/wp-content\\\/uploads\\\/vgogh-skiptheline-1.webp\",\"width\":1130,\"height\":753,\"caption\":\"skiptheline\"},{\"@type\":\"BreadcrumbList\",\"@id\":\"https:\\\/\\\/skiptheline.tickets\\\/es\\\/cities\\\/#breadcrumb\",\"itemListElement\":[{\"@type\":\"ListItem\",\"position\":1,\"name\":\"Home\",\"item\":\"https:\\\/\\\/skiptheline.tickets\\\/\"},{\"@type\":\"ListItem\",\"position\":2,\"name\":\"Cities\"}]},{\"@type\":\"WebSite\",\"@id\":\"https:\\\/\\\/skiptheline.tickets\\\/es\\\/#website\",\"url\":\"https:\\\/\\\/skiptheline.tickets\\\/es\\\/\",\"name\":\"Skip The Line Tickets\",\"description\":\"Skip The Lines. Enter Smarter.\",\"publisher\":{\"@id\":\"https:\\\/\\\/skiptheline.tickets\\\/es\\\/#organization\"},\"potentialAction\":[{\"@type\":\"SearchAction\",\"target\":{\"@type\":\"EntryPoint\",\"urlTemplate\":\"https:\\\/\\\/skiptheline.tickets\\\/es\\\/?s={search_term_string}\"},\"query-input\":{\"@type\":\"PropertyValueSpecification\",\"valueRequired\":true,\"valueName\":\"search_term_string\"}}],\"inLanguage\":\"es\"},{\"@type\":\"Organization\",\"@id\":\"https:\\\/\\\/skiptheline.tickets\\\/es\\\/#organization\",\"name\":\"Skip The Line Tickets\",\"alternateName\":\"Skiptheline.tickets\",\"url\":\"https:\\\/\\\/skiptheline.tickets\\\/es\\\/\",\"logo\":{\"@type\":\"ImageObject\",\"inLanguage\":\"es\",\"@id\":\"https:\\\/\\\/skiptheline.tickets\\\/es\\\/#\\\/schema\\\/logo\\\/image\\\/\",\"url\":\"https:\\\/\\\/skiptheline.tickets\\\/wp-content\\\/uploads\\\/skiptheline-tickets.png\",\"contentUrl\":\"https:\\\/\\\/skiptheline.tickets\\\/wp-content\\\/uploads\\\/skiptheline-tickets.png\",\"width\":2119,\"height\":739,\"caption\":\"Skip The Line Tickets\"},\"image\":{\"@id\":\"https:\\\/\\\/skiptheline.tickets\\\/es\\\/#\\\/schema\\\/logo\\\/image\\\/\"},\"sameAs\":[\"https:\\\/\\\/x.com\\\/SkipTheLinesNow\",\"https:\\\/\\\/www.instagram.com\\\/skipthelinetickets\\\/\"],\"description\":\"Tired of long lines eating away your precious vacation time? At SkipTheLine.Tickets, we make it easy for you to bypass the queues and dive straight into the experiences you came for. From iconic landmarks to must-see attractions, our platform connects you with priority access tickets that save you time and hassle.\",\"email\":\"info@skiptheline.tickets\",\"foundingDate\":\"2016-02-19\",\"numberOfEmployees\":{\"@type\":\"QuantitativeValue\",\"minValue\":\"1\",\"maxValue\":\"10\"}}]}<\/script>\n<!-- \/ Yoast SEO Premium plugin. -->","yoast_head_json":{"title":"Skip-the-Line en las principales ciudades (2026) | Entradas r\u00e1pidas y consejos","description":"Compare las opciones de entrada r\u00e1pida, cronometrada y guiada por ciudad. Cancelaci\u00f3n flexible. Entre m\u00e1s r\u00e1pido en Par\u00eds, Roma, Nueva York, Dubai y m\u00e1s.","robots":{"index":"index","follow":"follow","max-snippet":"max-snippet:-1","max-image-preview":"max-image-preview:large","max-video-preview":"max-video-preview:-1"},"canonical":"https:\/\/skiptheline.tickets\/es\/ciudades\/","og_locale":"es_ES","og_type":"article","og_title":"Cities","og_description":"Compare fast-track, timed-entry & guided options by city. Flexible cancellation. Get inside faster in Paris, Rome, NYC, Dubai & more","og_url":"https:\/\/skiptheline.tickets\/es\/ciudades\/","og_site_name":"Skip The Line Tickets","article_modified_time":"2026-01-18T06:58:26+00:00","og_image":[{"width":1130,"height":753,"url":"https:\/\/skiptheline.tickets\/wp-content\/uploads\/vgogh-skiptheline-1.webp","type":"image\/webp"}],"twitter_card":"summary_large_image","twitter_site":"@SkipTheLinesNow","twitter_misc":{"Tiempo de lectura":"7 minutos"},"schema":{"@context":"https:\/\/schema.org","@graph":[{"@type":"WebPage","@id":"https:\/\/skiptheline.tickets\/es\/cities\/","url":"https:\/\/skiptheline.tickets\/es\/cities\/","name":"Skip-the-Line en las principales ciudades (2026) | Entradas r\u00e1pidas y consejos","isPartOf":{"@id":"https:\/\/skiptheline.tickets\/es\/#website"},"primaryImageOfPage":{"@id":"https:\/\/skiptheline.tickets\/es\/cities\/#primaryimage"},"image":{"@id":"https:\/\/skiptheline.tickets\/es\/cities\/#primaryimage"},"thumbnailUrl":"https:\/\/skiptheline.tickets\/wp-content\/uploads\/vgogh-skiptheline-1.webp","datePublished":"2026-01-17T15:44:13+00:00","dateModified":"2026-01-18T06:58:26+00:00","description":"Compare las opciones de entrada r\u00e1pida, cronometrada y guiada por ciudad. Cancelaci\u00f3n flexible. Entre m\u00e1s r\u00e1pido en Par\u00eds, Roma, Nueva York, Dubai y m\u00e1s.","breadcrumb":{"@id":"https:\/\/skiptheline.tickets\/es\/cities\/#breadcrumb"},"inLanguage":"es","potentialAction":[{"@type":"ReadAction","target":["https:\/\/skiptheline.tickets\/es\/cities\/"]}]},{"@type":"ImageObject","inLanguage":"es","@id":"https:\/\/skiptheline.tickets\/es\/cities\/#primaryimage","url":"https:\/\/skiptheline.tickets\/wp-content\/uploads\/vgogh-skiptheline-1.webp","contentUrl":"https:\/\/skiptheline.tickets\/wp-content\/uploads\/vgogh-skiptheline-1.webp","width":1130,"height":753,"caption":"skiptheline"},{"@type":"BreadcrumbList","@id":"https:\/\/skiptheline.tickets\/es\/cities\/#breadcrumb","itemListElement":[{"@type":"ListItem","position":1,"name":"Home","item":"https:\/\/skiptheline.tickets\/"},{"@type":"ListItem","position":2,"name":"Cities"}]},{"@type":"WebSite","@id":"https:\/\/skiptheline.tickets\/es\/#website","url":"https:\/\/skiptheline.tickets\/es\/","name":"Entradas Skip The Line","description":"S\u00e1ltese las colas. Entre con m\u00e1s inteligencia.","publisher":{"@id":"https:\/\/skiptheline.tickets\/es\/#organization"},"potentialAction":[{"@type":"SearchAction","target":{"@type":"EntryPoint","urlTemplate":"https:\/\/skiptheline.tickets\/es\/?s={search_term_string}"},"query-input":{"@type":"PropertyValueSpecification","valueRequired":true,"valueName":"search_term_string"}}],"inLanguage":"es"},{"@type":"Organization","@id":"https:\/\/skiptheline.tickets\/es\/#organization","name":"Entradas Skip The Line","alternateName":"Skiptheline.tickets","url":"https:\/\/skiptheline.tickets\/es\/","logo":{"@type":"ImageObject","inLanguage":"es","@id":"https:\/\/skiptheline.tickets\/es\/#\/schema\/logo\/image\/","url":"https:\/\/skiptheline.tickets\/wp-content\/uploads\/skiptheline-tickets.png","contentUrl":"https:\/\/skiptheline.tickets\/wp-content\/uploads\/skiptheline-tickets.png","width":2119,"height":739,"caption":"Skip The Line Tickets"},"image":{"@id":"https:\/\/skiptheline.tickets\/es\/#\/schema\/logo\/image\/"},"sameAs":["https:\/\/x.com\/SkipTheLinesNow","https:\/\/www.instagram.com\/skipthelinetickets\/"],"description":"\u00bfCansado de las largas colas que le roban su valioso tiempo de vacaciones? En SkipTheLine.Tickets, te lo ponemos f\u00e1cil para que te saltes las colas y te sumerjas directamente en las experiencias por las que has venido. Desde lugares emblem\u00e1ticos a atracciones imprescindibles, nuestra plataforma le conecta con entradas de acceso prioritario que le ahorran tiempo y molestias.","email":"info@skiptheline.tickets","foundingDate":"2016-02-19","numberOfEmployees":{"@type":"QuantitativeValue","minValue":"1","maxValue":"10"}}]}},"_links":{"self":[{"href":"https:\/\/skiptheline.tickets\/es\/wp-json\/wp\/v2\/pages\/324","targetHints":{"allow":["GET"]}}],"collection":[{"href":"https:\/\/skiptheline.tickets\/es\/wp-json\/wp\/v2\/pages"}],"about":[{"href":"https:\/\/skiptheline.tickets\/es\/wp-json\/wp\/v2\/types\/page"}],"author":[{"embeddable":true,"href":"https:\/\/skiptheline.tickets\/es\/wp-json\/wp\/v2\/users\/3"}],"replies":[{"embeddable":true,"href":"https:\/\/skiptheline.tickets\/es\/wp-json\/wp\/v2\/comments?post=324"}],"version-history":[{"count":11,"href":"https:\/\/skiptheline.tickets\/es\/wp-json\/wp\/v2\/pages\/324\/revisions"}],"predecessor-version":[{"id":10741,"href":"https:\/\/skiptheline.tickets\/es\/wp-json\/wp\/v2\/pages\/324\/revisions\/10741"}],"wp:featuredmedia":[{"embeddable":true,"href":"https:\/\/skiptheline.tickets\/es\/wp-json\/wp\/v2\/media\/5511"}],"wp:attachment":[{"href":"https:\/\/skiptheline.tickets\/es\/wp-json\/wp\/v2\/media?parent=324"}],"curies":[{"name":"wp","href":"https:\/\/api.w.org\/{rel}","templated":true}]}}