{"id":9742,"date":"2026-03-20T11:16:35","date_gmt":"2026-03-20T10:16:35","guid":{"rendered":"https:\/\/p5he8rwyn6.onrocket.site\/?page_id=9742"},"modified":"2026-04-04T19:06:22","modified_gmt":"2026-04-04T17:06:22","slug":"skip-the-line-tickets","status":"publish","type":"page","link":"https:\/\/skiptheline.tickets\/de\/","title":{"rendered":"Skip-the-Line-Tickets f\u00fcr die beliebtesten Sehensw\u00fcrdigkeiten der Welt"},"content":{"rendered":"","protected":false},"excerpt":{"rendered":"","protected":false},"author":3,"featured_media":0,"parent":0,"menu_order":0,"comment_status":"closed","ping_status":"closed","template":"","meta":{"_acf_changed":false,"footnotes":""},"class_list":["post-9742","page","type-page","status-publish","hentry"],"acf":[],"yoast_head":"<!-- This site is optimized with the Yoast SEO Premium plugin v27.2 (Yoast SEO v27.3) - https:\/\/yoast.com\/product\/yoast-seo-premium-wordpress\/ -->\n<title>Skip the Line Tickets \u2014 50+ Attractions Worldwide | 2026<\/title>\n<meta name=\"description\" content=\"Top attractions sell out weeks ahead. Compare skip-the-line tickets for the Colosseum, Louvre, Eiffel Tower and more. Find the best option before your trip\" \/>\n<meta name=\"robots\" content=\"index, follow, max-snippet:-1, max-image-preview:large, max-video-preview:-1\" \/>\n<link rel=\"canonical\" href=\"https:\/\/skiptheline.tickets\/de\/\" \/>\n<meta property=\"og:locale\" content=\"de_DE\" \/>\n<meta property=\"og:type\" content=\"article\" \/>\n<meta property=\"og:title\" content=\"Skip-the-Line Tickets for the World\u2019s Favorites\" \/>\n<meta property=\"og:description\" content=\"Top attractions sell out weeks ahead. Compare skip-the-line tickets for the Colosseum, Louvre, Eiffel Tower and more. Find the best option before your trip\" \/>\n<meta property=\"og:url\" content=\"https:\/\/skiptheline.tickets\/de\/\" \/>\n<meta property=\"og:site_name\" content=\"Skip The Line Tickets\" \/>\n<meta property=\"article:modified_time\" content=\"2026-04-04T17:06:22+00:00\" \/>\n<meta property=\"og:image\" content=\"https:\/\/skiptheline.tickets\/wp-content\/uploads\/Louvre_Skipthelinetickets-2.webp\" \/>\n\t<meta property=\"og:image:width\" content=\"1000\" \/>\n\t<meta property=\"og:image:height\" content=\"545\" \/>\n\t<meta property=\"og:image:type\" content=\"image\/webp\" \/>\n<meta name=\"twitter:card\" content=\"summary_large_image\" \/>\n<meta name=\"twitter:site\" content=\"@SkipTheLinesNow\" \/>\n<meta name=\"twitter:label1\" content=\"Gesch\u00e4tzte Lesezeit\" \/>\n\t<meta name=\"twitter:data1\" content=\"7\u00a0Minuten\" \/>\n<script type=\"application\/ld+json\" class=\"yoast-schema-graph\">{\"@context\":\"https:\\\/\\\/schema.org\",\"@graph\":[{\"@type\":\"WebPage\",\"@id\":\"https:\\\/\\\/skiptheline.tickets\\\/de\\\/\",\"url\":\"https:\\\/\\\/skiptheline.tickets\\\/de\\\/\",\"name\":\"Skip the Line Tickets \u2014 50+ Attractions Worldwide | 2026\",\"isPartOf\":{\"@id\":\"https:\\\/\\\/skiptheline.tickets\\\/de\\\/#website\"},\"datePublished\":\"2026-03-20T10:16:35+00:00\",\"dateModified\":\"2026-04-04T17:06:22+00:00\",\"description\":\"Top attractions sell out weeks ahead. Compare skip-the-line tickets for the Colosseum, Louvre, Eiffel Tower and more. Find the best option before your trip\",\"breadcrumb\":{\"@id\":\"https:\\\/\\\/skiptheline.tickets\\\/de\\\/#breadcrumb\"},\"inLanguage\":\"de\",\"potentialAction\":[{\"@type\":\"ReadAction\",\"target\":[\"https:\\\/\\\/skiptheline.tickets\\\/de\\\/\"]}]},{\"@type\":\"BreadcrumbList\",\"@id\":\"https:\\\/\\\/skiptheline.tickets\\\/de\\\/#breadcrumb\",\"itemListElement\":[{\"@type\":\"ListItem\",\"position\":1,\"name\":\"Home\",\"item\":\"https:\\\/\\\/skiptheline.tickets\\\/\"},{\"@type\":\"ListItem\",\"position\":2,\"name\":\"Skip-the-Line Tickets for the World\u2019s Favorites\"}]},{\"@type\":\"WebSite\",\"@id\":\"https:\\\/\\\/skiptheline.tickets\\\/de\\\/#website\",\"url\":\"https:\\\/\\\/skiptheline.tickets\\\/de\\\/\",\"name\":\"Skip The Line Tickets\",\"description\":\"Skip The Lines. Enter Smarter.\",\"publisher\":{\"@id\":\"https:\\\/\\\/skiptheline.tickets\\\/de\\\/#organization\"},\"potentialAction\":[{\"@type\":\"SearchAction\",\"target\":{\"@type\":\"EntryPoint\",\"urlTemplate\":\"https:\\\/\\\/skiptheline.tickets\\\/de\\\/?s={search_term_string}\"},\"query-input\":{\"@type\":\"PropertyValueSpecification\",\"valueRequired\":true,\"valueName\":\"search_term_string\"}}],\"inLanguage\":\"de\"},{\"@type\":\"Organization\",\"@id\":\"https:\\\/\\\/skiptheline.tickets\\\/de\\\/#organization\",\"name\":\"Skip The Line Tickets\",\"alternateName\":\"Skiptheline.tickets\",\"url\":\"https:\\\/\\\/skiptheline.tickets\\\/de\\\/\",\"logo\":{\"@type\":\"ImageObject\",\"inLanguage\":\"de\",\"@id\":\"https:\\\/\\\/skiptheline.tickets\\\/de\\\/#\\\/schema\\\/logo\\\/image\\\/\",\"url\":\"https:\\\/\\\/skiptheline.tickets\\\/wp-content\\\/uploads\\\/skiptheline-tickets.png\",\"contentUrl\":\"https:\\\/\\\/skiptheline.tickets\\\/wp-content\\\/uploads\\\/skiptheline-tickets.png\",\"width\":2119,\"height\":739,\"caption\":\"Skip The Line Tickets\"},\"image\":{\"@id\":\"https:\\\/\\\/skiptheline.tickets\\\/de\\\/#\\\/schema\\\/logo\\\/image\\\/\"},\"sameAs\":[\"https:\\\/\\\/x.com\\\/SkipTheLinesNow\",\"https:\\\/\\\/www.instagram.com\\\/skipthelinetickets\\\/\"],\"description\":\"Tired of long lines eating away your precious vacation time? At SkipTheLine.Tickets, we make it easy for you to bypass the queues and dive straight into the experiences you came for. From iconic landmarks to must-see attractions, our platform connects you with priority access tickets that save you time and hassle.\",\"email\":\"info@skiptheline.tickets\",\"foundingDate\":\"2016-02-19\",\"numberOfEmployees\":{\"@type\":\"QuantitativeValue\",\"minValue\":\"1\",\"maxValue\":\"10\"}}]}<\/script>\n<!-- \/ Yoast SEO Premium plugin. -->","yoast_head_json":{"title":"Skip-the-Line Tickets \u2013 \u00dcber 50 Attraktionen weltweit | 2026","description":"Top-Attraktionen sind wochenlang im Voraus ausverkauft. Vergleichen Sie Tickets ohne Warteschlange f\u00fcr das Kolosseum, den Louvre, den Eiffelturm und mehr. Finden Sie die beste Option vor Ihrer Reise","robots":{"index":"index","follow":"follow","max-snippet":"max-snippet:-1","max-image-preview":"max-image-preview:large","max-video-preview":"max-video-preview:-1"},"canonical":"https:\/\/skiptheline.tickets\/de\/","og_locale":"de_DE","og_type":"article","og_title":"Skip-the-Line Tickets for the World\u2019s Favorites","og_description":"Top attractions sell out weeks ahead. Compare skip-the-line tickets for the Colosseum, Louvre, Eiffel Tower and more. Find the best option before your trip","og_url":"https:\/\/skiptheline.tickets\/de\/","og_site_name":"Skip The Line Tickets","article_modified_time":"2026-04-04T17:06:22+00:00","og_image":[{"width":1000,"height":545,"url":"https:\/\/skiptheline.tickets\/wp-content\/uploads\/Louvre_Skipthelinetickets-2.webp","type":"image\/webp"}],"twitter_card":"summary_large_image","twitter_site":"@SkipTheLinesNow","twitter_misc":{"Gesch\u00e4tzte Lesezeit":"7\u00a0Minuten"},"schema":{"@context":"https:\/\/schema.org","@graph":[{"@type":"WebPage","@id":"https:\/\/skiptheline.tickets\/de\/","url":"https:\/\/skiptheline.tickets\/de\/","name":"Skip-the-Line Tickets \u2013 \u00dcber 50 Attraktionen weltweit | 2026","isPartOf":{"@id":"https:\/\/skiptheline.tickets\/de\/#website"},"datePublished":"2026-03-20T10:16:35+00:00","dateModified":"2026-04-04T17:06:22+00:00","description":"Top-Attraktionen sind wochenlang im Voraus ausverkauft. Vergleichen Sie Tickets ohne Warteschlange f\u00fcr das Kolosseum, den Louvre, den Eiffelturm und mehr. Finden Sie die beste Option vor Ihrer Reise","breadcrumb":{"@id":"https:\/\/skiptheline.tickets\/de\/#breadcrumb"},"inLanguage":"de","potentialAction":[{"@type":"ReadAction","target":["https:\/\/skiptheline.tickets\/de\/"]}]},{"@type":"BreadcrumbList","@id":"https:\/\/skiptheline.tickets\/de\/#breadcrumb","itemListElement":[{"@type":"ListItem","position":1,"name":"Home","item":"https:\/\/skiptheline.tickets\/"},{"@type":"ListItem","position":2,"name":"Skip-the-Line Tickets for the World\u2019s Favorites"}]},{"@type":"WebSite","@id":"https:\/\/skiptheline.tickets\/de\/#website","url":"https:\/\/skiptheline.tickets\/de\/","name":"Skip The Line Tickets","description":"\u00dcberspringen Sie die Warteschlangen. Smarter einsteigen.","publisher":{"@id":"https:\/\/skiptheline.tickets\/de\/#organization"},"potentialAction":[{"@type":"SearchAction","target":{"@type":"EntryPoint","urlTemplate":"https:\/\/skiptheline.tickets\/de\/?s={search_term_string}"},"query-input":{"@type":"PropertyValueSpecification","valueRequired":true,"valueName":"search_term_string"}}],"inLanguage":"de"},{"@type":"Organization","@id":"https:\/\/skiptheline.tickets\/de\/#organization","name":"Skip The Line Tickets","alternateName":"Skiptheline.tickets","url":"https:\/\/skiptheline.tickets\/de\/","logo":{"@type":"ImageObject","inLanguage":"de","@id":"https:\/\/skiptheline.tickets\/de\/#\/schema\/logo\/image\/","url":"https:\/\/skiptheline.tickets\/wp-content\/uploads\/skiptheline-tickets.png","contentUrl":"https:\/\/skiptheline.tickets\/wp-content\/uploads\/skiptheline-tickets.png","width":2119,"height":739,"caption":"Skip The Line Tickets"},"image":{"@id":"https:\/\/skiptheline.tickets\/de\/#\/schema\/logo\/image\/"},"sameAs":["https:\/\/x.com\/SkipTheLinesNow","https:\/\/www.instagram.com\/skipthelinetickets\/"],"description":"Haben Sie genug von langen Warteschlangen, die Ihre kostbare Urlaubszeit verschlingen? Mit SkipTheLine.Tickets machen wir es Ihnen leicht, die Warteschlangen zu umgehen und direkt in die Erlebnisse einzutauchen, f\u00fcr die Sie gekommen sind. Von ber\u00fchmten Sehensw\u00fcrdigkeiten bis hin zu Attraktionen, die man unbedingt gesehen haben muss - unsere Plattform bringt Sie mit Tickets f\u00fcr den bevorzugten Zugang zusammen, die Ihnen Zeit und \u00c4rger ersparen.","email":"info@skiptheline.tickets","foundingDate":"2016-02-19","numberOfEmployees":{"@type":"QuantitativeValue","minValue":"1","maxValue":"10"}}]}},"_links":{"self":[{"href":"https:\/\/skiptheline.tickets\/de\/wp-json\/wp\/v2\/pages\/9742","targetHints":{"allow":["GET"]}}],"collection":[{"href":"https:\/\/skiptheline.tickets\/de\/wp-json\/wp\/v2\/pages"}],"about":[{"href":"https:\/\/skiptheline.tickets\/de\/wp-json\/wp\/v2\/types\/page"}],"author":[{"embeddable":true,"href":"https:\/\/skiptheline.tickets\/de\/wp-json\/wp\/v2\/users\/3"}],"replies":[{"embeddable":true,"href":"https:\/\/skiptheline.tickets\/de\/wp-json\/wp\/v2\/comments?post=9742"}],"version-history":[{"count":99,"href":"https:\/\/skiptheline.tickets\/de\/wp-json\/wp\/v2\/pages\/9742\/revisions"}],"predecessor-version":[{"id":10977,"href":"https:\/\/skiptheline.tickets\/de\/wp-json\/wp\/v2\/pages\/9742\/revisions\/10977"}],"wp:attachment":[{"href":"https:\/\/skiptheline.tickets\/de\/wp-json\/wp\/v2\/media?parent=9742"}],"curies":[{"name":"wp","href":"https:\/\/api.w.org\/{rel}","templated":true}]}}