{"id":8256,"date":"2025-02-09T18:07:51","date_gmt":"2025-02-09T17:07:51","guid":{"rendered":"https:\/\/p5he8rwyn6.onrocket.site\/?page_id=8256"},"modified":"2025-08-23T14:35:12","modified_gmt":"2025-08-23T12:35:12","slug":"airport-services","status":"publish","type":"page","link":"https:\/\/skiptheline.tickets\/de\/airport-services\/","title":{"rendered":"Dienstleistungen am Flughafen"},"content":{"rendered":"","protected":false},"excerpt":{"rendered":"","protected":false},"author":3,"featured_media":8260,"parent":0,"menu_order":0,"comment_status":"closed","ping_status":"closed","template":"","meta":{"_acf_changed":false,"footnotes":""},"class_list":["post-8256","page","type-page","status-publish","has-post-thumbnail","hentry"],"acf":[],"yoast_head":"<!-- This site is optimized with the Yoast SEO Premium plugin v27.4 (Yoast SEO v27.4) - https:\/\/yoast.com\/product\/yoast-seo-premium-wordpress\/ -->\n<title>Airport Fast Track: Security &amp; Immigration | SkipTheLine<\/title>\n<meta name=\"description\" content=\"Skip airport queues with fast-track security and VIP assistance. See availability by airport and book via trusted partners.\" \/>\n<meta name=\"robots\" content=\"index, follow, max-snippet:-1, max-image-preview:large, max-video-preview:-1\" \/>\n<link rel=\"canonical\" href=\"https:\/\/skiptheline.tickets\/de\/airport-services\/\" \/>\n<meta property=\"og:locale\" content=\"de_DE\" \/>\n<meta property=\"og:type\" content=\"article\" \/>\n<meta property=\"og:title\" content=\"Airport Services\" \/>\n<meta property=\"og:description\" content=\"Skip airport queues with fast-track security and VIP assistance. See availability by airport and book via trusted partners.\" \/>\n<meta property=\"og:url\" content=\"https:\/\/skiptheline.tickets\/de\/airport-services\/\" \/>\n<meta property=\"og:site_name\" content=\"Skip The Line Tickets\" \/>\n<meta property=\"article:modified_time\" content=\"2025-08-23T12:35:12+00:00\" \/>\n<meta property=\"og:image\" content=\"https:\/\/skiptheline.tickets\/wp-content\/uploads\/airport_transfers.jpg\" \/>\n\t<meta property=\"og:image:width\" content=\"800\" \/>\n\t<meta property=\"og:image:height\" content=\"498\" \/>\n\t<meta property=\"og:image:type\" content=\"image\/png\" \/>\n<meta name=\"twitter:card\" content=\"summary_large_image\" \/>\n<meta name=\"twitter:site\" content=\"@SkipTheLinesNow\" \/>\n<meta name=\"twitter:label1\" content=\"Gesch\u00e4tzte Lesezeit\" \/>\n\t<meta name=\"twitter:data1\" content=\"4\u00a0Minuten\" \/>\n<script type=\"application\/ld+json\" class=\"yoast-schema-graph\">{\"@context\":\"https:\\\/\\\/schema.org\",\"@graph\":[{\"@type\":\"WebPage\",\"@id\":\"https:\\\/\\\/skiptheline.tickets\\\/de\\\/airport-services\\\/\",\"url\":\"https:\\\/\\\/skiptheline.tickets\\\/de\\\/airport-services\\\/\",\"name\":\"Airport Fast Track: Security & Immigration | SkipTheLine\",\"isPartOf\":{\"@id\":\"https:\\\/\\\/skiptheline.tickets\\\/de\\\/#website\"},\"primaryImageOfPage\":{\"@id\":\"https:\\\/\\\/skiptheline.tickets\\\/de\\\/airport-services\\\/#primaryimage\"},\"image\":{\"@id\":\"https:\\\/\\\/skiptheline.tickets\\\/de\\\/airport-services\\\/#primaryimage\"},\"thumbnailUrl\":\"https:\\\/\\\/skiptheline.tickets\\\/wp-content\\\/uploads\\\/airport_transfers.jpg\",\"datePublished\":\"2025-02-09T17:07:51+00:00\",\"dateModified\":\"2025-08-23T12:35:12+00:00\",\"description\":\"Skip airport queues with fast-track security and VIP assistance. See availability by airport and book via trusted partners.\",\"breadcrumb\":{\"@id\":\"https:\\\/\\\/skiptheline.tickets\\\/de\\\/airport-services\\\/#breadcrumb\"},\"inLanguage\":\"de\",\"potentialAction\":[{\"@type\":\"ReadAction\",\"target\":[\"https:\\\/\\\/skiptheline.tickets\\\/de\\\/airport-services\\\/\"]}]},{\"@type\":\"ImageObject\",\"inLanguage\":\"de\",\"@id\":\"https:\\\/\\\/skiptheline.tickets\\\/de\\\/airport-services\\\/#primaryimage\",\"url\":\"https:\\\/\\\/skiptheline.tickets\\\/wp-content\\\/uploads\\\/airport_transfers.jpg\",\"contentUrl\":\"https:\\\/\\\/skiptheline.tickets\\\/wp-content\\\/uploads\\\/airport_transfers.jpg\",\"width\":800,\"height\":498,\"caption\":\"Skip The Line Airport Transfers\"},{\"@type\":\"BreadcrumbList\",\"@id\":\"https:\\\/\\\/skiptheline.tickets\\\/de\\\/airport-services\\\/#breadcrumb\",\"itemListElement\":[{\"@type\":\"ListItem\",\"position\":1,\"name\":\"Home\",\"item\":\"https:\\\/\\\/skiptheline.tickets\\\/\"},{\"@type\":\"ListItem\",\"position\":2,\"name\":\"Airport Services\"}]},{\"@type\":\"WebSite\",\"@id\":\"https:\\\/\\\/skiptheline.tickets\\\/de\\\/#website\",\"url\":\"https:\\\/\\\/skiptheline.tickets\\\/de\\\/\",\"name\":\"Skip The Line Tickets\",\"description\":\"Skip The Lines. Enter Smarter.\",\"publisher\":{\"@id\":\"https:\\\/\\\/skiptheline.tickets\\\/de\\\/#organization\"},\"potentialAction\":[{\"@type\":\"SearchAction\",\"target\":{\"@type\":\"EntryPoint\",\"urlTemplate\":\"https:\\\/\\\/skiptheline.tickets\\\/de\\\/?s={search_term_string}\"},\"query-input\":{\"@type\":\"PropertyValueSpecification\",\"valueRequired\":true,\"valueName\":\"search_term_string\"}}],\"inLanguage\":\"de\"},{\"@type\":\"Organization\",\"@id\":\"https:\\\/\\\/skiptheline.tickets\\\/de\\\/#organization\",\"name\":\"Skip The Line Tickets\",\"alternateName\":\"Skiptheline.tickets\",\"url\":\"https:\\\/\\\/skiptheline.tickets\\\/de\\\/\",\"logo\":{\"@type\":\"ImageObject\",\"inLanguage\":\"de\",\"@id\":\"https:\\\/\\\/skiptheline.tickets\\\/de\\\/#\\\/schema\\\/logo\\\/image\\\/\",\"url\":\"https:\\\/\\\/skiptheline.tickets\\\/wp-content\\\/uploads\\\/skiptheline-tickets.png\",\"contentUrl\":\"https:\\\/\\\/skiptheline.tickets\\\/wp-content\\\/uploads\\\/skiptheline-tickets.png\",\"width\":2119,\"height\":739,\"caption\":\"Skip The Line Tickets\"},\"image\":{\"@id\":\"https:\\\/\\\/skiptheline.tickets\\\/de\\\/#\\\/schema\\\/logo\\\/image\\\/\"},\"sameAs\":[\"https:\\\/\\\/x.com\\\/SkipTheLinesNow\",\"https:\\\/\\\/www.instagram.com\\\/skipthelinetickets\\\/\"],\"description\":\"Tired of long lines eating away your precious vacation time? At SkipTheLine.Tickets, we make it easy for you to bypass the queues and dive straight into the experiences you came for. From iconic landmarks to must-see attractions, our platform connects you with priority access tickets that save you time and hassle.\",\"email\":\"info@skiptheline.tickets\",\"foundingDate\":\"2016-02-19\",\"numberOfEmployees\":{\"@type\":\"QuantitativeValue\",\"minValue\":\"1\",\"maxValue\":\"10\"}}]}<\/script>\n<!-- \/ Yoast SEO Premium plugin. -->","yoast_head_json":{"title":"Flughafen Fast Track: Sicherheit &amp; Einreise | SkipTheLine","description":"Umgehen Sie die Warteschlangen am Flughafen durch schnelle Sicherheitskontrollen und VIP-Betreuung. Sehen Sie die Verf\u00fcgbarkeit nach Flughafen und buchen Sie \u00fcber vertrauensw\u00fcrdige Partner.","robots":{"index":"index","follow":"follow","max-snippet":"max-snippet:-1","max-image-preview":"max-image-preview:large","max-video-preview":"max-video-preview:-1"},"canonical":"https:\/\/skiptheline.tickets\/de\/airport-services\/","og_locale":"de_DE","og_type":"article","og_title":"Airport Services","og_description":"Skip airport queues with fast-track security and VIP assistance. See availability by airport and book via trusted partners.","og_url":"https:\/\/skiptheline.tickets\/de\/airport-services\/","og_site_name":"Skip The Line Tickets","article_modified_time":"2025-08-23T12:35:12+00:00","og_image":[{"width":800,"height":498,"url":"https:\/\/skiptheline.tickets\/wp-content\/uploads\/airport_transfers.jpg","type":"image\/png"}],"twitter_card":"summary_large_image","twitter_site":"@SkipTheLinesNow","twitter_misc":{"Gesch\u00e4tzte Lesezeit":"4\u00a0Minuten"},"schema":{"@context":"https:\/\/schema.org","@graph":[{"@type":"WebPage","@id":"https:\/\/skiptheline.tickets\/de\/airport-services\/","url":"https:\/\/skiptheline.tickets\/de\/airport-services\/","name":"Flughafen Fast Track: Sicherheit &amp; Einreise | SkipTheLine","isPartOf":{"@id":"https:\/\/skiptheline.tickets\/de\/#website"},"primaryImageOfPage":{"@id":"https:\/\/skiptheline.tickets\/de\/airport-services\/#primaryimage"},"image":{"@id":"https:\/\/skiptheline.tickets\/de\/airport-services\/#primaryimage"},"thumbnailUrl":"https:\/\/skiptheline.tickets\/wp-content\/uploads\/airport_transfers.jpg","datePublished":"2025-02-09T17:07:51+00:00","dateModified":"2025-08-23T12:35:12+00:00","description":"Umgehen Sie die Warteschlangen am Flughafen durch schnelle Sicherheitskontrollen und VIP-Betreuung. Sehen Sie die Verf\u00fcgbarkeit nach Flughafen und buchen Sie \u00fcber vertrauensw\u00fcrdige Partner.","breadcrumb":{"@id":"https:\/\/skiptheline.tickets\/de\/airport-services\/#breadcrumb"},"inLanguage":"de","potentialAction":[{"@type":"ReadAction","target":["https:\/\/skiptheline.tickets\/de\/airport-services\/"]}]},{"@type":"ImageObject","inLanguage":"de","@id":"https:\/\/skiptheline.tickets\/de\/airport-services\/#primaryimage","url":"https:\/\/skiptheline.tickets\/wp-content\/uploads\/airport_transfers.jpg","contentUrl":"https:\/\/skiptheline.tickets\/wp-content\/uploads\/airport_transfers.jpg","width":800,"height":498,"caption":"Skip The Line Airport Transfers"},{"@type":"BreadcrumbList","@id":"https:\/\/skiptheline.tickets\/de\/airport-services\/#breadcrumb","itemListElement":[{"@type":"ListItem","position":1,"name":"Home","item":"https:\/\/skiptheline.tickets\/"},{"@type":"ListItem","position":2,"name":"Airport Services"}]},{"@type":"WebSite","@id":"https:\/\/skiptheline.tickets\/de\/#website","url":"https:\/\/skiptheline.tickets\/de\/","name":"Skip The Line Tickets","description":"\u00dcberspringen Sie die Warteschlangen. Smarter einsteigen.","publisher":{"@id":"https:\/\/skiptheline.tickets\/de\/#organization"},"potentialAction":[{"@type":"SearchAction","target":{"@type":"EntryPoint","urlTemplate":"https:\/\/skiptheline.tickets\/de\/?s={search_term_string}"},"query-input":{"@type":"PropertyValueSpecification","valueRequired":true,"valueName":"search_term_string"}}],"inLanguage":"de"},{"@type":"Organization","@id":"https:\/\/skiptheline.tickets\/de\/#organization","name":"Skip The Line Tickets","alternateName":"Skiptheline.tickets","url":"https:\/\/skiptheline.tickets\/de\/","logo":{"@type":"ImageObject","inLanguage":"de","@id":"https:\/\/skiptheline.tickets\/de\/#\/schema\/logo\/image\/","url":"https:\/\/skiptheline.tickets\/wp-content\/uploads\/skiptheline-tickets.png","contentUrl":"https:\/\/skiptheline.tickets\/wp-content\/uploads\/skiptheline-tickets.png","width":2119,"height":739,"caption":"Skip The Line Tickets"},"image":{"@id":"https:\/\/skiptheline.tickets\/de\/#\/schema\/logo\/image\/"},"sameAs":["https:\/\/x.com\/SkipTheLinesNow","https:\/\/www.instagram.com\/skipthelinetickets\/"],"description":"Haben Sie genug von langen Warteschlangen, die Ihre kostbare Urlaubszeit verschlingen? Mit SkipTheLine.Tickets machen wir es Ihnen leicht, die Warteschlangen zu umgehen und direkt in die Erlebnisse einzutauchen, f\u00fcr die Sie gekommen sind. Von ber\u00fchmten Sehensw\u00fcrdigkeiten bis hin zu Attraktionen, die man unbedingt gesehen haben muss - unsere Plattform bringt Sie mit Tickets f\u00fcr den bevorzugten Zugang zusammen, die Ihnen Zeit und \u00c4rger ersparen.","email":"info@skiptheline.tickets","foundingDate":"2016-02-19","numberOfEmployees":{"@type":"QuantitativeValue","minValue":"1","maxValue":"10"}}]}},"_links":{"self":[{"href":"https:\/\/skiptheline.tickets\/de\/wp-json\/wp\/v2\/pages\/8256","targetHints":{"allow":["GET"]}}],"collection":[{"href":"https:\/\/skiptheline.tickets\/de\/wp-json\/wp\/v2\/pages"}],"about":[{"href":"https:\/\/skiptheline.tickets\/de\/wp-json\/wp\/v2\/types\/page"}],"author":[{"embeddable":true,"href":"https:\/\/skiptheline.tickets\/de\/wp-json\/wp\/v2\/users\/3"}],"replies":[{"embeddable":true,"href":"https:\/\/skiptheline.tickets\/de\/wp-json\/wp\/v2\/comments?post=8256"}],"version-history":[{"count":0,"href":"https:\/\/skiptheline.tickets\/de\/wp-json\/wp\/v2\/pages\/8256\/revisions"}],"wp:featuredmedia":[{"embeddable":true,"href":"https:\/\/skiptheline.tickets\/de\/wp-json\/wp\/v2\/media\/8260"}],"wp:attachment":[{"href":"https:\/\/skiptheline.tickets\/de\/wp-json\/wp\/v2\/media?parent=8256"}],"curies":[{"name":"wp","href":"https:\/\/api.w.org\/{rel}","templated":true}]}}